{"id":15152,"date":"2024-11-29T18:29:28","date_gmt":"2024-11-29T17:29:28","guid":{"rendered":"https:\/\/stampcurio.com\/product\/1901-level-keresztenysziget-4-h\/"},"modified":"2025-12-05T04:08:09","modified_gmt":"2025-12-05T03:08:09","slug":"1901-hohe-rinne-keresztenyszigetrol-pulaba-kuldott-boritek-hohe-rinne-iii-4-helleres-belyeggel-kiegeszitve","status":"publish","type":"product","link":"https:\/\/stampcurio.com\/hu\/termek\/1901-hohe-rinne-keresztenyszigetrol-pulaba-kuldott-boritek-hohe-rinne-iii-4-helleres-belyeggel-kiegeszitve\/","title":{"rendered":"1901 Hohe Rinne &#8211; Kereszt\u00e9nyszigetr\u0151l Pul\u00e1ba k\u00fcld\u00f6tt bor\u00edt\u00e9k Hohe Rinne III. 4 helleres b\u00e9lyeggel kieg\u00e9sz\u00edtve"},"content":{"rendered":"","protected":false},"excerpt":{"rendered":"","protected":false},"featured_media":15919,"template":"","meta":[],"product_brand":[],"product_cat":[1178,1172,1208],"product_tag":[1664,116,175,1041,176,89,1006],"class_list":{"0":"post-15152","1":"product","2":"type-product","3":"status-publish","4":"has-post-thumbnail","6":"product_cat-ausztria","7":"product_cat-magyarorszag","8":"product_cat-romania","9":"product_tag-2nd-auction-hu","10":"product_tag-belyeg","11":"product_tag-hotelposta","12":"product_tag-marcophily-hu","13":"product_tag-philagem","14":"product_tag-postatortenet","15":"product_tag-unsold","17":"first","18":"instock","19":"sold-individually","20":"shipping-taxable","21":"product-type-simple"},"_links":{"self":[{"href":"https:\/\/stampcurio.com\/hu\/wp-json\/wp\/v2\/product\/15152","targetHints":{"allow":["GET"]}}],"collection":[{"href":"https:\/\/stampcurio.com\/hu\/wp-json\/wp\/v2\/product"}],"about":[{"href":"https:\/\/stampcurio.com\/hu\/wp-json\/wp\/v2\/types\/product"}],"wp:featuredmedia":[{"embeddable":true,"href":"https:\/\/stampcurio.com\/hu\/wp-json\/wp\/v2\/media\/15919"}],"wp:attachment":[{"href":"https:\/\/stampcurio.com\/hu\/wp-json\/wp\/v2\/media?parent=15152"}],"wp:term":[{"taxonomy":"product_brand","embeddable":true,"href":"https:\/\/stampcurio.com\/hu\/wp-json\/wp\/v2\/product_brand?post=15152"},{"taxonomy":"product_cat","embeddable":true,"href":"https:\/\/stampcurio.com\/hu\/wp-json\/wp\/v2\/product_cat?post=15152"},{"taxonomy":"product_tag","embeddable":true,"href":"https:\/\/stampcurio.com\/hu\/wp-json\/wp\/v2\/product_tag?post=15152"}],"curies":[{"name":"wp","href":"https:\/\/api.w.org\/{rel}","templated":true}]}}