{"id":15151,"date":"2024-11-29T18:29:27","date_gmt":"2024-11-29T17:29:27","guid":{"rendered":"https:\/\/stampcurio.com\/product\/1904-hohe-rinne-kepeslap-ausztriaba-kuldve-felezett-4-helleres-hohe-rinn-e-belyeggel\/"},"modified":"2025-12-05T04:08:11","modified_gmt":"2025-12-05T03:08:11","slug":"1904-hohe-rinne-ausztriaba-kuldott-kepeslap-felezett-1900-as-4-helleres-hohe-rinne-belyeggel","status":"publish","type":"product","link":"https:\/\/stampcurio.com\/hu\/termek\/1904-hohe-rinne-ausztriaba-kuldott-kepeslap-felezett-1900-as-4-helleres-hohe-rinne-belyeggel\/","title":{"rendered":"1904 Hohe Rinne &#8211; Ausztri\u00e1ba k\u00fcld\u00f6tt k\u00e9peslap felezett (!), 1900-as 4 helleres Hohe Rinne b\u00e9lyeggel"},"content":{"rendered":"","protected":false},"excerpt":{"rendered":"","protected":false},"featured_media":15925,"template":"","meta":[],"product_brand":[],"product_cat":[1178,1172,1208],"product_tag":[1664,116,175,97,1041,176,89,1006],"class_list":{"0":"post-15151","1":"product","2":"type-product","3":"status-publish","4":"has-post-thumbnail","6":"product_cat-ausztria","7":"product_cat-magyarorszag","8":"product_cat-romania","9":"product_tag-2nd-auction-hu","10":"product_tag-belyeg","11":"product_tag-hotelposta","12":"product_tag-kepeslap","13":"product_tag-marcophily-hu","14":"product_tag-philagem","15":"product_tag-postatortenet","16":"product_tag-unsold","18":"first","19":"instock","20":"sold-individually","21":"shipping-taxable","22":"product-type-simple"},"_links":{"self":[{"href":"https:\/\/stampcurio.com\/hu\/wp-json\/wp\/v2\/product\/15151","targetHints":{"allow":["GET"]}}],"collection":[{"href":"https:\/\/stampcurio.com\/hu\/wp-json\/wp\/v2\/product"}],"about":[{"href":"https:\/\/stampcurio.com\/hu\/wp-json\/wp\/v2\/types\/product"}],"wp:featuredmedia":[{"embeddable":true,"href":"https:\/\/stampcurio.com\/hu\/wp-json\/wp\/v2\/media\/15925"}],"wp:attachment":[{"href":"https:\/\/stampcurio.com\/hu\/wp-json\/wp\/v2\/media?parent=15151"}],"wp:term":[{"taxonomy":"product_brand","embeddable":true,"href":"https:\/\/stampcurio.com\/hu\/wp-json\/wp\/v2\/product_brand?post=15151"},{"taxonomy":"product_cat","embeddable":true,"href":"https:\/\/stampcurio.com\/hu\/wp-json\/wp\/v2\/product_cat?post=15151"},{"taxonomy":"product_tag","embeddable":true,"href":"https:\/\/stampcurio.com\/hu\/wp-json\/wp\/v2\/product_tag?post=15151"}],"curies":[{"name":"wp","href":"https:\/\/api.w.org\/{rel}","templated":true}]}}