{"id":15148,"date":"2024-11-29T18:29:26","date_gmt":"2024-11-29T17:29:26","guid":{"rendered":"https:\/\/stampcurio.com\/product\/1902-hohe-rinnebe-koldott-kepeslap-szept-30-amikor-mar-be-volt-zarva-a-hotel-ceg-megszunt-ragjeggyel-visszakuldve-a-feadunak-nagyszebenbe\/"},"modified":"2025-12-05T04:08:12","modified_gmt":"2025-12-05T03:08:12","slug":"1902-hohe-rinne-hohe-rinnebe-kuldott-kepeslap-szeptember-30-an-ekkor-a-hotel-mar-zarva-volt-ceg-megszunt-ragjeggyel-visszakuldve-a-feadonak-nagyszebenbe","status":"publish","type":"product","link":"https:\/\/stampcurio.com\/hu\/termek\/1902-hohe-rinne-hohe-rinnebe-kuldott-kepeslap-szeptember-30-an-ekkor-a-hotel-mar-zarva-volt-ceg-megszunt-ragjeggyel-visszakuldve-a-feadonak-nagyszebenbe\/","title":{"rendered":"1902 Hohe Rinne &#8211; Hohe Rinn\u00e9be k\u00fcld\u00f6tt k\u00e9peslap szeptember 30.-\u00e1n, ekkor a hotel m\u00e1r z\u00e1rva volt, &#8220;c\u00e9g megsz\u0171nt&#8221; ragjeggyel visszak\u00fcldve a fead\u00f3nak Nagyszebenbe"},"content":{"rendered":"","protected":false},"excerpt":{"rendered":"","protected":false},"featured_media":15915,"template":"","meta":[],"product_brand":[],"product_cat":[1172,1208],"product_tag":[1664,116,175,97,89],"class_list":{"0":"post-15148","1":"product","2":"type-product","3":"status-publish","4":"has-post-thumbnail","6":"product_cat-magyarorszag","7":"product_cat-romania","8":"product_tag-2nd-auction-hu","9":"product_tag-belyeg","10":"product_tag-hotelposta","11":"product_tag-kepeslap","12":"product_tag-postatortenet","14":"first","15":"instock","16":"sold-individually","17":"shipping-taxable","18":"product-type-simple"},"_links":{"self":[{"href":"https:\/\/stampcurio.com\/hu\/wp-json\/wp\/v2\/product\/15148","targetHints":{"allow":["GET"]}}],"collection":[{"href":"https:\/\/stampcurio.com\/hu\/wp-json\/wp\/v2\/product"}],"about":[{"href":"https:\/\/stampcurio.com\/hu\/wp-json\/wp\/v2\/types\/product"}],"wp:featuredmedia":[{"embeddable":true,"href":"https:\/\/stampcurio.com\/hu\/wp-json\/wp\/v2\/media\/15915"}],"wp:attachment":[{"href":"https:\/\/stampcurio.com\/hu\/wp-json\/wp\/v2\/media?parent=15148"}],"wp:term":[{"taxonomy":"product_brand","embeddable":true,"href":"https:\/\/stampcurio.com\/hu\/wp-json\/wp\/v2\/product_brand?post=15148"},{"taxonomy":"product_cat","embeddable":true,"href":"https:\/\/stampcurio.com\/hu\/wp-json\/wp\/v2\/product_cat?post=15148"},{"taxonomy":"product_tag","embeddable":true,"href":"https:\/\/stampcurio.com\/hu\/wp-json\/wp\/v2\/product_tag?post=15148"}],"curies":[{"name":"wp","href":"https:\/\/api.w.org\/{rel}","templated":true}]}}