{"id":15147,"date":"2024-11-29T18:29:26","date_gmt":"2024-11-29T17:29:26","guid":{"rendered":"https:\/\/stampcurio.com\/product\/1907-hohe-rinne-kepeslap-1903-hohe-belyeggel\/"},"modified":"2025-12-05T04:08:12","modified_gmt":"2025-12-05T03:08:12","slug":"1905-hohe-rinne-kepeslap-hohe-rinne-iv-belyeggel-es-keresztenysziget-belyegzessel","status":"publish","type":"product","link":"https:\/\/stampcurio.com\/hu\/termek\/1905-hohe-rinne-kepeslap-hohe-rinne-iv-belyeggel-es-keresztenysziget-belyegzessel\/","title":{"rendered":"1905 Hohe Rinne &#8211; k\u00e9peslap Hohe Rinne IV. b\u00e9lyeggel \u00e9s KERESZT\u00c9NYSZIGET b\u00e9lyegz\u00e9ssel"},"content":{"rendered":"","protected":false},"excerpt":{"rendered":"","protected":false},"featured_media":15901,"template":"","meta":[],"product_brand":[],"product_cat":[1172,1208],"product_tag":[1664,116,175,97,1041,89],"class_list":{"0":"post-15147","1":"product","2":"type-product","3":"status-publish","4":"has-post-thumbnail","6":"product_cat-magyarorszag","7":"product_cat-romania","8":"product_tag-2nd-auction-hu","9":"product_tag-belyeg","10":"product_tag-hotelposta","11":"product_tag-kepeslap","12":"product_tag-marcophily-hu","13":"product_tag-postatortenet","15":"first","16":"instock","17":"sold-individually","18":"shipping-taxable","19":"product-type-simple"},"_links":{"self":[{"href":"https:\/\/stampcurio.com\/hu\/wp-json\/wp\/v2\/product\/15147","targetHints":{"allow":["GET"]}}],"collection":[{"href":"https:\/\/stampcurio.com\/hu\/wp-json\/wp\/v2\/product"}],"about":[{"href":"https:\/\/stampcurio.com\/hu\/wp-json\/wp\/v2\/types\/product"}],"wp:featuredmedia":[{"embeddable":true,"href":"https:\/\/stampcurio.com\/hu\/wp-json\/wp\/v2\/media\/15901"}],"wp:attachment":[{"href":"https:\/\/stampcurio.com\/hu\/wp-json\/wp\/v2\/media?parent=15147"}],"wp:term":[{"taxonomy":"product_brand","embeddable":true,"href":"https:\/\/stampcurio.com\/hu\/wp-json\/wp\/v2\/product_brand?post=15147"},{"taxonomy":"product_cat","embeddable":true,"href":"https:\/\/stampcurio.com\/hu\/wp-json\/wp\/v2\/product_cat?post=15147"},{"taxonomy":"product_tag","embeddable":true,"href":"https:\/\/stampcurio.com\/hu\/wp-json\/wp\/v2\/product_tag?post=15147"}],"curies":[{"name":"wp","href":"https:\/\/api.w.org\/{rel}","templated":true}]}}