{"id":15145,"date":"2024-11-29T18:29:25","date_gmt":"2024-11-29T17:29:25","guid":{"rendered":"https:\/\/stampcurio.com\/product\/1850-6kr-lapancza-offenvasserstadt-baranya-belyegzo-mellette-plattenfehler-a-koronanal\/"},"modified":"2025-12-05T04:08:13","modified_gmt":"2025-12-05T03:08:13","slug":"1850-ausztria-6-kr-ia-tipus-lemezhibaval-a-koronanal-kivagason-lapancza-muller-125-pont-gudlin-400-pont-ofen-wasserstadt-baranyavar-belyegzesek","status":"publish","type":"product","link":"https:\/\/stampcurio.com\/hu\/termek\/1850-ausztria-6-kr-ia-tipus-lemezhibaval-a-koronanal-kivagason-lapancza-muller-125-pont-gudlin-400-pont-ofen-wasserstadt-baranyavar-belyegzesek\/","title":{"rendered":"1850 Ausztria &#8211; 6 kr Ia. t\u00edpus lemezhib\u00e1val a koron\u00e1n\u00e1l kiv\u00e1g\u00e1son LAP\u00c1NCZA M\u00fcller 125 pont \/ Gudlin 400 pont + OFEN WASSERSTADT + BARANYAV\u00c1R b\u00e9lyegz\u00e9sek"},"content":{"rendered":"","protected":false},"excerpt":{"rendered":"","protected":false},"featured_media":16603,"template":"","meta":[],"product_brand":[],"product_cat":[1178,1172],"product_tag":[1664,116,1041,217],"class_list":{"0":"post-15145","1":"product","2":"type-product","3":"status-publish","4":"has-post-thumbnail","6":"product_cat-ausztria","7":"product_cat-magyarorszag","8":"product_tag-2nd-auction-hu","9":"product_tag-belyeg","10":"product_tag-marcophily-hu","11":"product_tag-tevnyomat","13":"first","14":"instock","15":"sold-individually","16":"shipping-taxable","17":"product-type-simple"},"_links":{"self":[{"href":"https:\/\/stampcurio.com\/hu\/wp-json\/wp\/v2\/product\/15145","targetHints":{"allow":["GET"]}}],"collection":[{"href":"https:\/\/stampcurio.com\/hu\/wp-json\/wp\/v2\/product"}],"about":[{"href":"https:\/\/stampcurio.com\/hu\/wp-json\/wp\/v2\/types\/product"}],"wp:featuredmedia":[{"embeddable":true,"href":"https:\/\/stampcurio.com\/hu\/wp-json\/wp\/v2\/media\/16603"}],"wp:attachment":[{"href":"https:\/\/stampcurio.com\/hu\/wp-json\/wp\/v2\/media?parent=15145"}],"wp:term":[{"taxonomy":"product_brand","embeddable":true,"href":"https:\/\/stampcurio.com\/hu\/wp-json\/wp\/v2\/product_brand?post=15145"},{"taxonomy":"product_cat","embeddable":true,"href":"https:\/\/stampcurio.com\/hu\/wp-json\/wp\/v2\/product_cat?post=15145"},{"taxonomy":"product_tag","embeddable":true,"href":"https:\/\/stampcurio.com\/hu\/wp-json\/wp\/v2\/product_tag?post=15145"}],"curies":[{"name":"wp","href":"https:\/\/api.w.org\/{rel}","templated":true}]}}