{"id":15143,"date":"2024-11-29T18:29:25","date_gmt":"2024-11-29T17:29:25","guid":{"rendered":"https:\/\/stampcurio.com\/product\/1850-sarkany-plattenfehler-keresztbe-3-kr\/"},"modified":"2025-12-05T04:08:12","modified_gmt":"2025-12-05T03:08:12","slug":"1850-ausztria-3-kr-belyeg-sarkany-lebelyegzessel-a-koronan-kereszt-helyett-ordogszarv-lemezhiba-gudlin-100-pont-mueller-35-pont","status":"publish","type":"product","link":"https:\/\/stampcurio.com\/hu\/termek\/1850-ausztria-3-kr-belyeg-sarkany-lebelyegzessel-a-koronan-kereszt-helyett-ordogszarv-lemezhiba-gudlin-100-pont-mueller-35-pont\/","title":{"rendered":"1850 Ausztria &#8211; 3 kr b\u00e9lyeg S\u00c1RK\u00c1NY leb\u00e9lyegz\u00e9ssel, a koron\u00e1n kereszt helyett \u00f6rd\u00f6gszarv lemezhiba | Gudlin: 100 pont, Mueller: 35 pont"},"content":{"rendered":"","protected":false},"excerpt":{"rendered":"","protected":false},"featured_media":16506,"template":"","meta":[],"product_brand":[],"product_cat":[1178,1172,1208],"product_tag":[1664,116,1041,217],"class_list":{"0":"post-15143","1":"product","2":"type-product","3":"status-publish","4":"has-post-thumbnail","6":"product_cat-ausztria","7":"product_cat-magyarorszag","8":"product_cat-romania","9":"product_tag-2nd-auction-hu","10":"product_tag-belyeg","11":"product_tag-marcophily-hu","12":"product_tag-tevnyomat","14":"first","15":"instock","16":"sold-individually","17":"shipping-taxable","18":"product-type-simple"},"_links":{"self":[{"href":"https:\/\/stampcurio.com\/hu\/wp-json\/wp\/v2\/product\/15143","targetHints":{"allow":["GET"]}}],"collection":[{"href":"https:\/\/stampcurio.com\/hu\/wp-json\/wp\/v2\/product"}],"about":[{"href":"https:\/\/stampcurio.com\/hu\/wp-json\/wp\/v2\/types\/product"}],"wp:featuredmedia":[{"embeddable":true,"href":"https:\/\/stampcurio.com\/hu\/wp-json\/wp\/v2\/media\/16506"}],"wp:attachment":[{"href":"https:\/\/stampcurio.com\/hu\/wp-json\/wp\/v2\/media?parent=15143"}],"wp:term":[{"taxonomy":"product_brand","embeddable":true,"href":"https:\/\/stampcurio.com\/hu\/wp-json\/wp\/v2\/product_brand?post=15143"},{"taxonomy":"product_cat","embeddable":true,"href":"https:\/\/stampcurio.com\/hu\/wp-json\/wp\/v2\/product_cat?post=15143"},{"taxonomy":"product_tag","embeddable":true,"href":"https:\/\/stampcurio.com\/hu\/wp-json\/wp\/v2\/product_tag?post=15143"}],"curies":[{"name":"wp","href":"https:\/\/api.w.org\/{rel}","templated":true}]}}