{"id":15142,"date":"2024-11-29T18:29:24","date_gmt":"2024-11-29T17:29:24","guid":{"rendered":"https:\/\/stampcurio.com\/product\/1850-1-kr-mp-ib-type-erstdruck-paar-pest-bahnhof-belyegzessel-goldgelb-erstrduck-paar-szolo-belyeg-400-eur\/"},"modified":"2025-12-05T04:08:14","modified_gmt":"2025-12-05T03:08:14","slug":"1850-ausztria-1-kr-aranysarga-par-ib-tipus-elsonyomat-pest-bahnhof-belyegzessel-ferchenbauer-630-eur","status":"publish","type":"product","link":"https:\/\/stampcurio.com\/hu\/termek\/1850-ausztria-1-kr-aranysarga-par-ib-tipus-elsonyomat-pest-bahnhof-belyegzessel-ferchenbauer-630-eur\/","title":{"rendered":"1850 Ausztria &#8211; 1 kr aranys\u00e1rga p\u00e1r Ib t\u00edpus, els\u0151nyomat PEST \/ BAHNHOF b\u00e9lyegz\u00e9ssel | Ferchenbauer 630 EUR"},"content":{"rendered":"","protected":false},"excerpt":{"rendered":"<p>A katal\u00f3gus\u00e9rt\u00e9ket kisz\u00e1m\u00edtj\u00e1k &#8211; a sz\u00f3l\u00f3 b\u00e9lyeg \u00e1ra 200 EUR a goldgelb p\u00e1r szorz\u00f3ja 1,58.<\/p>\n","protected":false},"featured_media":23598,"template":"","meta":[],"product_brand":[],"product_cat":[1178,1172],"product_tag":[1664,116,1041,217,1006],"class_list":{"0":"post-15142","1":"product","2":"type-product","3":"status-publish","4":"has-post-thumbnail","6":"product_cat-ausztria","7":"product_cat-magyarorszag","8":"product_tag-2nd-auction-hu","9":"product_tag-belyeg","10":"product_tag-marcophily-hu","11":"product_tag-tevnyomat","12":"product_tag-unsold","14":"first","15":"instock","16":"sold-individually","17":"shipping-taxable","18":"product-type-simple"},"_links":{"self":[{"href":"https:\/\/stampcurio.com\/hu\/wp-json\/wp\/v2\/product\/15142","targetHints":{"allow":["GET"]}}],"collection":[{"href":"https:\/\/stampcurio.com\/hu\/wp-json\/wp\/v2\/product"}],"about":[{"href":"https:\/\/stampcurio.com\/hu\/wp-json\/wp\/v2\/types\/product"}],"wp:featuredmedia":[{"embeddable":true,"href":"https:\/\/stampcurio.com\/hu\/wp-json\/wp\/v2\/media\/23598"}],"wp:attachment":[{"href":"https:\/\/stampcurio.com\/hu\/wp-json\/wp\/v2\/media?parent=15142"}],"wp:term":[{"taxonomy":"product_brand","embeddable":true,"href":"https:\/\/stampcurio.com\/hu\/wp-json\/wp\/v2\/product_brand?post=15142"},{"taxonomy":"product_cat","embeddable":true,"href":"https:\/\/stampcurio.com\/hu\/wp-json\/wp\/v2\/product_cat?post=15142"},{"taxonomy":"product_tag","embeddable":true,"href":"https:\/\/stampcurio.com\/hu\/wp-json\/wp\/v2\/product_tag?post=15142"}],"curies":[{"name":"wp","href":"https:\/\/api.w.org\/{rel}","templated":true}]}}