{"id":15141,"date":"2024-11-29T18:29:24","date_gmt":"2024-11-29T17:29:24","guid":{"rendered":"https:\/\/stampcurio.com\/product\/1903-04-4-franc-felulnyomas-4-kronen-kreta-austria-mit-gefalligskeitentwertung-canea-ferch-750\/"},"modified":"2025-12-05T04:08:14","modified_gmt":"2025-12-05T03:08:14","slug":"1903-1904-ausztria-kreta-4-korona-francs-felulnyomassal-canea-belyegzessel-ferchenbauer-750-eur","status":"publish","type":"product","link":"https:\/\/stampcurio.com\/hu\/termek\/1903-1904-ausztria-kreta-4-korona-francs-felulnyomassal-canea-belyegzessel-ferchenbauer-750-eur\/","title":{"rendered":"1903 \/ 1904 Ausztria &#8211; Kr\u00e9ta 4 Korona FRANCS fel\u00fclnyom\u00e1ssal CANEA b\u00e9lyegz\u00e9ssel | Ferchenbauer: 750 EUR"},"content":{"rendered":"","protected":false},"excerpt":{"rendered":"","protected":false},"featured_media":16540,"template":"","meta":[],"product_brand":[],"product_cat":[1178],"product_tag":[1664,116,1041],"class_list":{"0":"post-15141","1":"product","2":"type-product","3":"status-publish","4":"has-post-thumbnail","6":"product_cat-ausztria","7":"product_tag-2nd-auction-hu","8":"product_tag-belyeg","9":"product_tag-marcophily-hu","11":"first","12":"instock","13":"sold-individually","14":"shipping-taxable","15":"product-type-simple"},"_links":{"self":[{"href":"https:\/\/stampcurio.com\/hu\/wp-json\/wp\/v2\/product\/15141","targetHints":{"allow":["GET"]}}],"collection":[{"href":"https:\/\/stampcurio.com\/hu\/wp-json\/wp\/v2\/product"}],"about":[{"href":"https:\/\/stampcurio.com\/hu\/wp-json\/wp\/v2\/types\/product"}],"wp:featuredmedia":[{"embeddable":true,"href":"https:\/\/stampcurio.com\/hu\/wp-json\/wp\/v2\/media\/16540"}],"wp:attachment":[{"href":"https:\/\/stampcurio.com\/hu\/wp-json\/wp\/v2\/media?parent=15141"}],"wp:term":[{"taxonomy":"product_brand","embeddable":true,"href":"https:\/\/stampcurio.com\/hu\/wp-json\/wp\/v2\/product_brand?post=15141"},{"taxonomy":"product_cat","embeddable":true,"href":"https:\/\/stampcurio.com\/hu\/wp-json\/wp\/v2\/product_cat?post=15141"},{"taxonomy":"product_tag","embeddable":true,"href":"https:\/\/stampcurio.com\/hu\/wp-json\/wp\/v2\/product_tag?post=15141"}],"curies":[{"name":"wp","href":"https:\/\/api.w.org\/{rel}","templated":true}]}}