{"id":15140,"date":"2024-11-29T18:29:24","date_gmt":"2024-11-29T17:29:24","guid":{"rendered":"https:\/\/stampcurio.com\/product\/1858-10-sld-ausztria-lombard-velencei-lebelyegzessel-verona-ferch-250-type-ii\/"},"modified":"2025-12-05T04:08:13","modified_gmt":"2025-12-05T03:08:13","slug":"1858-ausztria-10-krajcaros-belyeg-ii-tipus-lombard-velencei-felhasznalassal-verona-lebelyegzessel-ferchenbauer-250-eur","status":"publish","type":"product","link":"https:\/\/stampcurio.com\/hu\/termek\/1858-ausztria-10-krajcaros-belyeg-ii-tipus-lombard-velencei-felhasznalassal-verona-lebelyegzessel-ferchenbauer-250-eur\/","title":{"rendered":"1858  Ausztria &#8211; 10 krajc\u00e1ros b\u00e9lyeg II. t\u00edpus lombard-velencei felhaszn\u00e1l\u00e1ssal VERONA leb\u00e9lyegz\u00e9ssel | Ferchenbauer: 250 EUR"},"content":{"rendered":"","protected":false},"excerpt":{"rendered":"","protected":false},"featured_media":16591,"template":"","meta":[],"product_brand":[],"product_cat":[1178,1183],"product_tag":[1664,116,1041],"class_list":{"0":"post-15140","1":"product","2":"type-product","3":"status-publish","4":"has-post-thumbnail","6":"product_cat-ausztria","7":"product_cat-olaszorszag","8":"product_tag-2nd-auction-hu","9":"product_tag-belyeg","10":"product_tag-marcophily-hu","12":"first","13":"instock","14":"sold-individually","15":"shipping-taxable","16":"product-type-simple"},"_links":{"self":[{"href":"https:\/\/stampcurio.com\/hu\/wp-json\/wp\/v2\/product\/15140","targetHints":{"allow":["GET"]}}],"collection":[{"href":"https:\/\/stampcurio.com\/hu\/wp-json\/wp\/v2\/product"}],"about":[{"href":"https:\/\/stampcurio.com\/hu\/wp-json\/wp\/v2\/types\/product"}],"wp:featuredmedia":[{"embeddable":true,"href":"https:\/\/stampcurio.com\/hu\/wp-json\/wp\/v2\/media\/16591"}],"wp:attachment":[{"href":"https:\/\/stampcurio.com\/hu\/wp-json\/wp\/v2\/media?parent=15140"}],"wp:term":[{"taxonomy":"product_brand","embeddable":true,"href":"https:\/\/stampcurio.com\/hu\/wp-json\/wp\/v2\/product_brand?post=15140"},{"taxonomy":"product_cat","embeddable":true,"href":"https:\/\/stampcurio.com\/hu\/wp-json\/wp\/v2\/product_cat?post=15140"},{"taxonomy":"product_tag","embeddable":true,"href":"https:\/\/stampcurio.com\/hu\/wp-json\/wp\/v2\/product_tag?post=15140"}],"curies":[{"name":"wp","href":"https:\/\/api.w.org\/{rel}","templated":true}]}}