{"id":15139,"date":"2024-11-29T18:29:24","date_gmt":"2024-11-29T17:29:24","guid":{"rendered":"https:\/\/stampcurio.com\/product\/1883-orient-express-konstantinapolyba-levante-belyegzovel-ferch-500\/"},"modified":"2025-12-05T04:08:13","modified_gmt":"2025-12-05T03:08:13","slug":"1883-orient-expressz-belyeg-vegyes-bermentesitesben-osztrak-konzulatis-postahivatali-konstantinapoly-belyegzovel-ferchenbauer-500-eur","status":"publish","type":"product","link":"https:\/\/stampcurio.com\/hu\/termek\/1883-orient-expressz-belyeg-vegyes-bermentesitesben-osztrak-konzulatis-postahivatali-konstantinapoly-belyegzovel-ferchenbauer-500-eur\/","title":{"rendered":"1883 Orient Expressz b\u00e9lyeg vegyes b\u00e9rmentes\u00edt\u00e9sben osztr\u00e1k konzul\u00e1tis postahivatali Konstantin\u00e1poly b\u00e9lyegz\u0151vel | Ferchenbauer: 500 EUR"},"content":{"rendered":"","protected":false},"excerpt":{"rendered":"","protected":false},"featured_media":17055,"template":"","meta":[],"product_brand":[],"product_cat":[1178,1188],"product_tag":[1664,116,1041,176,172],"class_list":{"0":"post-15139","1":"product","2":"type-product","3":"status-publish","4":"has-post-thumbnail","6":"product_cat-ausztria","7":"product_cat-torokorszag","8":"product_tag-2nd-auction-hu","9":"product_tag-belyeg","10":"product_tag-marcophily-hu","11":"product_tag-philagem","12":"product_tag-vegyes-bermentesites","14":"first","15":"instock","16":"sold-individually","17":"shipping-taxable","18":"product-type-simple"},"_links":{"self":[{"href":"https:\/\/stampcurio.com\/hu\/wp-json\/wp\/v2\/product\/15139","targetHints":{"allow":["GET"]}}],"collection":[{"href":"https:\/\/stampcurio.com\/hu\/wp-json\/wp\/v2\/product"}],"about":[{"href":"https:\/\/stampcurio.com\/hu\/wp-json\/wp\/v2\/types\/product"}],"wp:featuredmedia":[{"embeddable":true,"href":"https:\/\/stampcurio.com\/hu\/wp-json\/wp\/v2\/media\/17055"}],"wp:attachment":[{"href":"https:\/\/stampcurio.com\/hu\/wp-json\/wp\/v2\/media?parent=15139"}],"wp:term":[{"taxonomy":"product_brand","embeddable":true,"href":"https:\/\/stampcurio.com\/hu\/wp-json\/wp\/v2\/product_brand?post=15139"},{"taxonomy":"product_cat","embeddable":true,"href":"https:\/\/stampcurio.com\/hu\/wp-json\/wp\/v2\/product_cat?post=15139"},{"taxonomy":"product_tag","embeddable":true,"href":"https:\/\/stampcurio.com\/hu\/wp-json\/wp\/v2\/product_tag?post=15139"}],"curies":[{"name":"wp","href":"https:\/\/api.w.org\/{rel}","templated":true}]}}