{"id":15136,"date":"2024-11-29T18:29:23","date_gmt":"2024-11-29T17:29:23","guid":{"rendered":"https:\/\/stampcurio.com\/product\/1868-1-kr-par-ivsarki-luxus-predeal-lebelyegzessel\/"},"modified":"2025-12-05T04:08:14","modified_gmt":"2025-12-05T03:08:14","slug":"1868-magyarorszag-levante-1-kr-ivsarki-par-luxus-predeal-lebelyegzessel","status":"publish","type":"product","link":"https:\/\/stampcurio.com\/hu\/termek\/1868-magyarorszag-levante-1-kr-ivsarki-par-luxus-predeal-lebelyegzessel\/","title":{"rendered":"1868 Magyarorsz\u00e1g Levante &#8211; 1 kr \u00edvsarki p\u00e1r, luxus PREDEAL leb\u00e9lyegz\u00e9ssel"},"content":{"rendered":"","protected":false},"excerpt":{"rendered":"","protected":false},"featured_media":19752,"template":"","meta":[],"product_brand":[],"product_cat":[1172,1208],"product_tag":[1664,116,1296,1041],"class_list":{"0":"post-15136","1":"product","2":"type-product","3":"status-publish","4":"has-post-thumbnail","6":"product_cat-magyarorszag","7":"product_cat-romania","8":"product_tag-2nd-auction-hu","9":"product_tag-belyeg","10":"product_tag-hirlapbelyeg","11":"product_tag-marcophily-hu","13":"first","14":"instock","15":"sold-individually","16":"shipping-taxable","17":"product-type-simple"},"_links":{"self":[{"href":"https:\/\/stampcurio.com\/hu\/wp-json\/wp\/v2\/product\/15136","targetHints":{"allow":["GET"]}}],"collection":[{"href":"https:\/\/stampcurio.com\/hu\/wp-json\/wp\/v2\/product"}],"about":[{"href":"https:\/\/stampcurio.com\/hu\/wp-json\/wp\/v2\/types\/product"}],"wp:featuredmedia":[{"embeddable":true,"href":"https:\/\/stampcurio.com\/hu\/wp-json\/wp\/v2\/media\/19752"}],"wp:attachment":[{"href":"https:\/\/stampcurio.com\/hu\/wp-json\/wp\/v2\/media?parent=15136"}],"wp:term":[{"taxonomy":"product_brand","embeddable":true,"href":"https:\/\/stampcurio.com\/hu\/wp-json\/wp\/v2\/product_brand?post=15136"},{"taxonomy":"product_cat","embeddable":true,"href":"https:\/\/stampcurio.com\/hu\/wp-json\/wp\/v2\/product_cat?post=15136"},{"taxonomy":"product_tag","embeddable":true,"href":"https:\/\/stampcurio.com\/hu\/wp-json\/wp\/v2\/product_tag?post=15136"}],"curies":[{"name":"wp","href":"https:\/\/api.w.org\/{rel}","templated":true}]}}