{"id":15135,"date":"2024-11-29T18:29:22","date_gmt":"2024-11-29T17:29:22","guid":{"rendered":"https:\/\/stampcurio.com\/product\/1951-kisegito-porto-10-filler-teljes-gepszinatnyomat-felulnyomas\/"},"modified":"2025-12-05T04:08:16","modified_gmt":"2025-12-05T03:08:16","slug":"1951-magyarorszag-10-filler-kisegito-porto-a-felulnyomas-teljes-gepszinatnyomataval","status":"publish","type":"product","link":"https:\/\/stampcurio.com\/hu\/termek\/1951-magyarorszag-10-filler-kisegito-porto-a-felulnyomas-teljes-gepszinatnyomataval\/","title":{"rendered":"1951 Magyarorsz\u00e1g &#8211; 10 fill\u00e9r kiseg\u00edt\u0151 port\u00f3 a fel\u00fclnyom\u00e1s teljes g\u00e9psz\u00edn\u00e1tnyomat\u00e1val"},"content":{"rendered":"","protected":false},"excerpt":{"rendered":"","protected":false},"featured_media":16627,"template":"","meta":[],"product_brand":[],"product_cat":[1172],"product_tag":[1664,116,108,217,1006],"class_list":{"0":"post-15135","1":"product","2":"type-product","3":"status-publish","4":"has-post-thumbnail","6":"product_cat-magyarorszag","7":"product_tag-2nd-auction-hu","8":"product_tag-belyeg","9":"product_tag-porto","10":"product_tag-tevnyomat","11":"product_tag-unsold","13":"first","14":"instock","15":"sold-individually","16":"shipping-taxable","17":"product-type-simple"},"_links":{"self":[{"href":"https:\/\/stampcurio.com\/hu\/wp-json\/wp\/v2\/product\/15135","targetHints":{"allow":["GET"]}}],"collection":[{"href":"https:\/\/stampcurio.com\/hu\/wp-json\/wp\/v2\/product"}],"about":[{"href":"https:\/\/stampcurio.com\/hu\/wp-json\/wp\/v2\/types\/product"}],"wp:featuredmedia":[{"embeddable":true,"href":"https:\/\/stampcurio.com\/hu\/wp-json\/wp\/v2\/media\/16627"}],"wp:attachment":[{"href":"https:\/\/stampcurio.com\/hu\/wp-json\/wp\/v2\/media?parent=15135"}],"wp:term":[{"taxonomy":"product_brand","embeddable":true,"href":"https:\/\/stampcurio.com\/hu\/wp-json\/wp\/v2\/product_brand?post=15135"},{"taxonomy":"product_cat","embeddable":true,"href":"https:\/\/stampcurio.com\/hu\/wp-json\/wp\/v2\/product_cat?post=15135"},{"taxonomy":"product_tag","embeddable":true,"href":"https:\/\/stampcurio.com\/hu\/wp-json\/wp\/v2\/product_tag?post=15135"}],"curies":[{"name":"wp","href":"https:\/\/api.w.org\/{rel}","templated":true}]}}