{"id":15134,"date":"2024-11-29T18:29:22","date_gmt":"2024-11-29T17:29:22","guid":{"rendered":"https:\/\/stampcurio.com\/product\/1945-hun-kisegito-belyeg-30-30filler-rendkivul-latvanyos-nyomathibaval-ertekszam-nelkul\/"},"modified":"2025-12-05T04:08:15","modified_gmt":"2025-12-05T03:08:15","slug":"1945-magyarorszag-kisegito-belyeg-30-30-filler-rendkivul-latvanyos-nyomathibaval-ertekszam-nelkul","status":"publish","type":"product","link":"https:\/\/stampcurio.com\/hu\/termek\/1945-magyarorszag-kisegito-belyeg-30-30-filler-rendkivul-latvanyos-nyomathibaval-ertekszam-nelkul\/","title":{"rendered":"1945 Magyarorsz\u00e1g &#8211; kiseg\u00edt\u0151 b\u00e9lyeg 30\/30 fill\u00e9r rendk\u00edv\u00fcl l\u00e1tv\u00e1nyos nyomathib\u00e1val \u00e9rt\u00e9ksz\u00e1m n\u00e9lk\u00fcl"},"content":{"rendered":"","protected":false},"excerpt":{"rendered":"","protected":false},"featured_media":16864,"template":"","meta":[],"product_brand":[],"product_cat":[1172],"product_tag":[279,1664,116,217],"class_list":{"0":"post-15134","1":"product","2":"type-product","3":"status-publish","4":"has-post-thumbnail","6":"product_cat-magyarorszag","7":"product_tag-1944-45","8":"product_tag-2nd-auction-hu","9":"product_tag-belyeg","10":"product_tag-tevnyomat","12":"first","13":"instock","14":"sold-individually","15":"shipping-taxable","16":"product-type-simple"},"_links":{"self":[{"href":"https:\/\/stampcurio.com\/hu\/wp-json\/wp\/v2\/product\/15134","targetHints":{"allow":["GET"]}}],"collection":[{"href":"https:\/\/stampcurio.com\/hu\/wp-json\/wp\/v2\/product"}],"about":[{"href":"https:\/\/stampcurio.com\/hu\/wp-json\/wp\/v2\/types\/product"}],"wp:featuredmedia":[{"embeddable":true,"href":"https:\/\/stampcurio.com\/hu\/wp-json\/wp\/v2\/media\/16864"}],"wp:attachment":[{"href":"https:\/\/stampcurio.com\/hu\/wp-json\/wp\/v2\/media?parent=15134"}],"wp:term":[{"taxonomy":"product_brand","embeddable":true,"href":"https:\/\/stampcurio.com\/hu\/wp-json\/wp\/v2\/product_brand?post=15134"},{"taxonomy":"product_cat","embeddable":true,"href":"https:\/\/stampcurio.com\/hu\/wp-json\/wp\/v2\/product_cat?post=15134"},{"taxonomy":"product_tag","embeddable":true,"href":"https:\/\/stampcurio.com\/hu\/wp-json\/wp\/v2\/product_tag?post=15134"}],"curies":[{"name":"wp","href":"https:\/\/api.w.org\/{rel}","templated":true}]}}