{"id":15128,"date":"2024-11-29T18:29:18","date_gmt":"2024-11-29T17:29:18","guid":{"rendered":"https:\/\/stampcurio.com\/product\/1850-9-kr-typi-i-klagenfurt-uxus-belyegzes-p87\/"},"modified":"2025-12-05T04:08:18","modified_gmt":"2025-12-05T03:08:18","slug":"1850-ausztria-9-kr-i-tipus-87-ivhely-luxus-klagenfurt-lebelyegzessel","status":"publish","type":"product","link":"https:\/\/stampcurio.com\/hu\/termek\/1850-ausztria-9-kr-i-tipus-87-ivhely-luxus-klagenfurt-lebelyegzessel\/","title":{"rendered":"1850 Ausztria &#8211; 9 kr I. t\u00edpus 87. \u00edvhely, luxus KLAGENFURT leb\u00e9lyegz\u00e9ssel"},"content":{"rendered":"","protected":false},"excerpt":{"rendered":"<p>Kis lemezhiba (sas sz\u00e1rnya \/ E bet\u0171)<\/p>\n","protected":false},"featured_media":16820,"template":"","meta":[],"product_brand":[],"product_cat":[1178],"product_tag":[1664,116,1041,217],"class_list":{"0":"post-15128","1":"product","2":"type-product","3":"status-publish","4":"has-post-thumbnail","6":"product_cat-ausztria","7":"product_tag-2nd-auction-hu","8":"product_tag-belyeg","9":"product_tag-marcophily-hu","10":"product_tag-tevnyomat","12":"first","13":"instock","14":"sold-individually","15":"shipping-taxable","16":"product-type-simple"},"_links":{"self":[{"href":"https:\/\/stampcurio.com\/hu\/wp-json\/wp\/v2\/product\/15128","targetHints":{"allow":["GET"]}}],"collection":[{"href":"https:\/\/stampcurio.com\/hu\/wp-json\/wp\/v2\/product"}],"about":[{"href":"https:\/\/stampcurio.com\/hu\/wp-json\/wp\/v2\/types\/product"}],"wp:featuredmedia":[{"embeddable":true,"href":"https:\/\/stampcurio.com\/hu\/wp-json\/wp\/v2\/media\/16820"}],"wp:attachment":[{"href":"https:\/\/stampcurio.com\/hu\/wp-json\/wp\/v2\/media?parent=15128"}],"wp:term":[{"taxonomy":"product_brand","embeddable":true,"href":"https:\/\/stampcurio.com\/hu\/wp-json\/wp\/v2\/product_brand?post=15128"},{"taxonomy":"product_cat","embeddable":true,"href":"https:\/\/stampcurio.com\/hu\/wp-json\/wp\/v2\/product_cat?post=15128"},{"taxonomy":"product_tag","embeddable":true,"href":"https:\/\/stampcurio.com\/hu\/wp-json\/wp\/v2\/product_tag?post=15128"}],"curies":[{"name":"wp","href":"https:\/\/api.w.org\/{rel}","templated":true}]}}