{"id":15126,"date":"2024-11-29T18:29:17","date_gmt":"2024-11-29T17:29:17","guid":{"rendered":"https:\/\/stampcurio.com\/product\/1870-aufbrauchsausgabe-1864-10-kr-boritek-overstamped-1867-5-kr-wien-szered-ro-levelzaro-ferch-300\/"},"modified":"2025-12-05T04:08:19","modified_gmt":"2025-12-05T03:08:19","slug":"1870-ausztria-az-1864-es-10-kr-dijjegyes-boritek-felulragasztva-az-1867-es-5-kr-belyeggel-becsbol-szeredre-kuldott-levelen-ferchenbauer-300-eur","status":"publish","type":"product","link":"https:\/\/stampcurio.com\/hu\/termek\/1870-ausztria-az-1864-es-10-kr-dijjegyes-boritek-felulragasztva-az-1867-es-5-kr-belyeggel-becsbol-szeredre-kuldott-levelen-ferchenbauer-300-eur\/","title":{"rendered":"1870 Ausztria &#8211; az 1864-es 10 kr d\u00edjjegyes bor\u00edt\u00e9k fel\u00fclragasztva az 1867-es 5 kr b\u00e9lyeggel B\u00e9csb\u0151l Szeredre k\u00fcld\u00f6tt lev\u00e9len | Ferchenbauer: 300 EUR"},"content":{"rendered":"","protected":false},"excerpt":{"rendered":"","protected":false},"featured_media":15972,"template":"","meta":[],"product_brand":[],"product_cat":[1178],"product_tag":[1664,74,288,89,1631,1006],"class_list":{"0":"post-15126","1":"product","2":"type-product","3":"status-publish","4":"has-post-thumbnail","6":"product_cat-ausztria","7":"product_tag-2nd-auction-hu","8":"product_tag-dijjegyes","9":"product_tag-parafilatelia","10":"product_tag-postatortenet","11":"product_tag-pre-upu","12":"product_tag-unsold","14":"first","15":"instock","16":"sold-individually","17":"shipping-taxable","18":"product-type-simple"},"_links":{"self":[{"href":"https:\/\/stampcurio.com\/hu\/wp-json\/wp\/v2\/product\/15126","targetHints":{"allow":["GET"]}}],"collection":[{"href":"https:\/\/stampcurio.com\/hu\/wp-json\/wp\/v2\/product"}],"about":[{"href":"https:\/\/stampcurio.com\/hu\/wp-json\/wp\/v2\/types\/product"}],"wp:featuredmedia":[{"embeddable":true,"href":"https:\/\/stampcurio.com\/hu\/wp-json\/wp\/v2\/media\/15972"}],"wp:attachment":[{"href":"https:\/\/stampcurio.com\/hu\/wp-json\/wp\/v2\/media?parent=15126"}],"wp:term":[{"taxonomy":"product_brand","embeddable":true,"href":"https:\/\/stampcurio.com\/hu\/wp-json\/wp\/v2\/product_brand?post=15126"},{"taxonomy":"product_cat","embeddable":true,"href":"https:\/\/stampcurio.com\/hu\/wp-json\/wp\/v2\/product_cat?post=15126"},{"taxonomy":"product_tag","embeddable":true,"href":"https:\/\/stampcurio.com\/hu\/wp-json\/wp\/v2\/product_tag?post=15126"}],"curies":[{"name":"wp","href":"https:\/\/api.w.org\/{rel}","templated":true}]}}