{"id":15125,"date":"2024-11-29T18:29:17","date_gmt":"2024-11-29T17:29:17","guid":{"rendered":"https:\/\/stampcurio.com\/product\/1867-hu-hodmezovasarhely-515-kr-luxusbelyegzes-pisarovitz-ex\/"},"modified":"2025-12-05T04:08:19","modified_gmt":"2025-12-05T03:08:19","slug":"1867-magyarorszag-hodmezovasarhely-5-15-kr-luxus-lebelyegzes-ex-pisarovitz","status":"publish","type":"product","link":"https:\/\/stampcurio.com\/hu\/termek\/1867-magyarorszag-hodmezovasarhely-5-15-kr-luxus-lebelyegzes-ex-pisarovitz\/","title":{"rendered":"1867 Magyarorsz\u00e1g &#8211; H\u00f3dmez\u0151v\u00e1s\u00e1rhely 5 + 15 kr luxus leb\u00e9lyegz\u00e9s | ex. Pisarovitz"},"content":{"rendered":"","protected":false},"excerpt":{"rendered":"","protected":false},"featured_media":16709,"template":"","meta":[],"product_brand":[],"product_cat":[1178,1172],"product_tag":[1664,116,1041],"class_list":{"0":"post-15125","1":"product","2":"type-product","3":"status-publish","4":"has-post-thumbnail","6":"product_cat-ausztria","7":"product_cat-magyarorszag","8":"product_tag-2nd-auction-hu","9":"product_tag-belyeg","10":"product_tag-marcophily-hu","12":"first","13":"instock","14":"sold-individually","15":"shipping-taxable","16":"product-type-simple"},"_links":{"self":[{"href":"https:\/\/stampcurio.com\/hu\/wp-json\/wp\/v2\/product\/15125","targetHints":{"allow":["GET"]}}],"collection":[{"href":"https:\/\/stampcurio.com\/hu\/wp-json\/wp\/v2\/product"}],"about":[{"href":"https:\/\/stampcurio.com\/hu\/wp-json\/wp\/v2\/types\/product"}],"wp:featuredmedia":[{"embeddable":true,"href":"https:\/\/stampcurio.com\/hu\/wp-json\/wp\/v2\/media\/16709"}],"wp:attachment":[{"href":"https:\/\/stampcurio.com\/hu\/wp-json\/wp\/v2\/media?parent=15125"}],"wp:term":[{"taxonomy":"product_brand","embeddable":true,"href":"https:\/\/stampcurio.com\/hu\/wp-json\/wp\/v2\/product_brand?post=15125"},{"taxonomy":"product_cat","embeddable":true,"href":"https:\/\/stampcurio.com\/hu\/wp-json\/wp\/v2\/product_cat?post=15125"},{"taxonomy":"product_tag","embeddable":true,"href":"https:\/\/stampcurio.com\/hu\/wp-json\/wp\/v2\/product_tag?post=15125"}],"curies":[{"name":"wp","href":"https:\/\/api.w.org\/{rel}","templated":true}]}}