{"id":15124,"date":"2024-11-29T18:29:17","date_gmt":"2024-11-29T17:29:17","guid":{"rendered":"https:\/\/stampcurio.com\/product\/xxx-kinai-belyeg-tetel-repulo-es-hajo-motivum\/"},"modified":"2025-12-05T04:08:19","modified_gmt":"2025-12-05T03:08:19","slug":"1932-1947-kina-belyegek-repulo-es-hajo-motivummal","status":"publish","type":"product","link":"https:\/\/stampcurio.com\/hu\/termek\/1932-1947-kina-belyegek-repulo-es-hajo-motivummal\/","title":{"rendered":"1932 &#8211; 1947 K\u00edna &#8211; b\u00e9lyegek rep\u00fcl\u0151 \u00e9s haj\u00f3 mot\u00edvummal"},"content":{"rendered":"","protected":false},"excerpt":{"rendered":"","protected":false},"featured_media":17349,"template":"","meta":[],"product_brand":[],"product_cat":[1247],"product_tag":[1664,116,1374],"class_list":{"0":"post-15124","1":"product","2":"type-product","3":"status-publish","4":"has-post-thumbnail","6":"product_cat-kina","7":"product_tag-2nd-auction-hu","8":"product_tag-belyeg","9":"product_tag-motivum","11":"first","12":"instock","13":"sold-individually","14":"shipping-taxable","15":"product-type-simple"},"_links":{"self":[{"href":"https:\/\/stampcurio.com\/hu\/wp-json\/wp\/v2\/product\/15124","targetHints":{"allow":["GET"]}}],"collection":[{"href":"https:\/\/stampcurio.com\/hu\/wp-json\/wp\/v2\/product"}],"about":[{"href":"https:\/\/stampcurio.com\/hu\/wp-json\/wp\/v2\/types\/product"}],"wp:featuredmedia":[{"embeddable":true,"href":"https:\/\/stampcurio.com\/hu\/wp-json\/wp\/v2\/media\/17349"}],"wp:attachment":[{"href":"https:\/\/stampcurio.com\/hu\/wp-json\/wp\/v2\/media?parent=15124"}],"wp:term":[{"taxonomy":"product_brand","embeddable":true,"href":"https:\/\/stampcurio.com\/hu\/wp-json\/wp\/v2\/product_brand?post=15124"},{"taxonomy":"product_cat","embeddable":true,"href":"https:\/\/stampcurio.com\/hu\/wp-json\/wp\/v2\/product_cat?post=15124"},{"taxonomy":"product_tag","embeddable":true,"href":"https:\/\/stampcurio.com\/hu\/wp-json\/wp\/v2\/product_tag?post=15124"}],"curies":[{"name":"wp","href":"https:\/\/api.w.org\/{rel}","templated":true}]}}