{"id":15123,"date":"2024-11-29T18:29:17","date_gmt":"2024-11-29T17:29:17","guid":{"rendered":"https:\/\/stampcurio.com\/product\/1902-chilebol-magyarorszagra-kuldott-level-elkoltozott-cimkevel-magyar-50-portofeljegyzessel-fehhertemplombol-tovabbkuldve-grazba-ahol-50-hellerrel-megprotoztak\/"},"modified":"2025-12-05T04:08:18","modified_gmt":"2025-12-05T03:08:18","slug":"1902-chile-magyarorszagra-kuldott-level-elkoltozott-cimkevel-magyar-50-filler-portofeljegyzessel-fehertemplombol-tovabbkuldve-grazba-ahol-50-hellerrel-ismet-megprotoztak","status":"publish","type":"product","link":"https:\/\/stampcurio.com\/hu\/termek\/1902-chile-magyarorszagra-kuldott-level-elkoltozott-cimkevel-magyar-50-filler-portofeljegyzessel-fehertemplombol-tovabbkuldve-grazba-ahol-50-hellerrel-ismet-megprotoztak\/","title":{"rendered":"1902 Chile &#8211; Magyarorsz\u00e1gra k\u00fcld\u00f6tt lev\u00e9l &#8220;elk\u00f6lt\u00f6z\u00f6tt&#8221; c\u00edmk\u00e9vel, magyar 50 fill\u00e9r port\u00f3feljegyz\u00e9ssel, Feh\u00e9rtemplomb\u00f3l tov\u00e1bbk\u00fcldve Grazba, ahol 50 hellerrel ism\u00e9t megprot\u00f3zt\u00e1k"},"content":{"rendered":"","protected":false},"excerpt":{"rendered":"","protected":false},"featured_media":17490,"template":"","meta":[],"product_brand":[],"product_cat":[1178,1244,1172],"product_tag":[1664,116,108,89],"class_list":{"0":"post-15123","1":"product","2":"type-product","3":"status-publish","4":"has-post-thumbnail","6":"product_cat-ausztria","7":"product_cat-chile","8":"product_cat-magyarorszag","9":"product_tag-2nd-auction-hu","10":"product_tag-belyeg","11":"product_tag-porto","12":"product_tag-postatortenet","14":"first","15":"instock","16":"sold-individually","17":"shipping-taxable","18":"product-type-simple"},"_links":{"self":[{"href":"https:\/\/stampcurio.com\/hu\/wp-json\/wp\/v2\/product\/15123","targetHints":{"allow":["GET"]}}],"collection":[{"href":"https:\/\/stampcurio.com\/hu\/wp-json\/wp\/v2\/product"}],"about":[{"href":"https:\/\/stampcurio.com\/hu\/wp-json\/wp\/v2\/types\/product"}],"wp:featuredmedia":[{"embeddable":true,"href":"https:\/\/stampcurio.com\/hu\/wp-json\/wp\/v2\/media\/17490"}],"wp:attachment":[{"href":"https:\/\/stampcurio.com\/hu\/wp-json\/wp\/v2\/media?parent=15123"}],"wp:term":[{"taxonomy":"product_brand","embeddable":true,"href":"https:\/\/stampcurio.com\/hu\/wp-json\/wp\/v2\/product_brand?post=15123"},{"taxonomy":"product_cat","embeddable":true,"href":"https:\/\/stampcurio.com\/hu\/wp-json\/wp\/v2\/product_cat?post=15123"},{"taxonomy":"product_tag","embeddable":true,"href":"https:\/\/stampcurio.com\/hu\/wp-json\/wp\/v2\/product_tag?post=15123"}],"curies":[{"name":"wp","href":"https:\/\/api.w.org\/{rel}","templated":true}]}}