{"id":15122,"date":"2024-11-29T18:29:16","date_gmt":"2024-11-29T17:29:16","guid":{"rendered":"https:\/\/stampcurio.com\/product\/1925-ausztrua-fiji-szigeterol-feladott-level-infkacios-portozassal-2400-korona-gb-at\/"},"modified":"2025-12-05T04:08:21","modified_gmt":"2025-12-05T03:08:21","slug":"1925-fiji-ausztriaba-feladott-level-inflacios-2400-korona-portozassal","status":"publish","type":"product","link":"https:\/\/stampcurio.com\/hu\/termek\/1925-fiji-ausztriaba-feladott-level-inflacios-2400-korona-portozassal\/","title":{"rendered":"1925 Fiji &#8211; Ausztri\u00e1ba feladott lev\u00e9l infl\u00e1ci\u00f3s, 2400 korona port\u00f3z\u00e1ssal"},"content":{"rendered":"","protected":false},"excerpt":{"rendered":"","protected":false},"featured_media":15959,"template":"","meta":[],"product_brand":[],"product_cat":[1178,1186,1246],"product_tag":[1664,116,108,89],"class_list":{"0":"post-15122","1":"product","2":"type-product","3":"status-publish","4":"has-post-thumbnail","6":"product_cat-ausztria","7":"product_cat-brit-birodalom","8":"product_cat-fiji","9":"product_tag-2nd-auction-hu","10":"product_tag-belyeg","11":"product_tag-porto","12":"product_tag-postatortenet","14":"first","15":"instock","16":"sold-individually","17":"shipping-taxable","18":"product-type-simple"},"_links":{"self":[{"href":"https:\/\/stampcurio.com\/hu\/wp-json\/wp\/v2\/product\/15122","targetHints":{"allow":["GET"]}}],"collection":[{"href":"https:\/\/stampcurio.com\/hu\/wp-json\/wp\/v2\/product"}],"about":[{"href":"https:\/\/stampcurio.com\/hu\/wp-json\/wp\/v2\/types\/product"}],"wp:featuredmedia":[{"embeddable":true,"href":"https:\/\/stampcurio.com\/hu\/wp-json\/wp\/v2\/media\/15959"}],"wp:attachment":[{"href":"https:\/\/stampcurio.com\/hu\/wp-json\/wp\/v2\/media?parent=15122"}],"wp:term":[{"taxonomy":"product_brand","embeddable":true,"href":"https:\/\/stampcurio.com\/hu\/wp-json\/wp\/v2\/product_brand?post=15122"},{"taxonomy":"product_cat","embeddable":true,"href":"https:\/\/stampcurio.com\/hu\/wp-json\/wp\/v2\/product_cat?post=15122"},{"taxonomy":"product_tag","embeddable":true,"href":"https:\/\/stampcurio.com\/hu\/wp-json\/wp\/v2\/product_tag?post=15122"}],"curies":[{"name":"wp","href":"https:\/\/api.w.org\/{rel}","templated":true}]}}