{"id":15121,"date":"2024-11-29T18:29:16","date_gmt":"2024-11-29T17:29:16","guid":{"rendered":"https:\/\/stampcurio.com\/product\/1850-15centi-type-i-zinoberrot-naturliche-papieresfarbe-geripptes-attest-goller-ferch-180\/"},"modified":"2025-12-05T04:08:20","modified_gmt":"2025-12-05T03:08:20","slug":"1850-ausztria-lombard-velence-15-centimes-i-tipus-cinoberpiros-bordazott-papiron-attest-goller-ferchenbauer-180-eur","status":"publish","type":"product","link":"https:\/\/stampcurio.com\/hu\/termek\/1850-ausztria-lombard-velence-15-centimes-i-tipus-cinoberpiros-bordazott-papiron-attest-goller-ferchenbauer-180-eur\/","title":{"rendered":"1850 Ausztria Lombard-Velence &#8211; 15 centimes I. t\u00edpus cin\u00f3berpiros, bord\u00e1zott pap\u00edron | Attest: Goller | Ferchenbauer: 180 EUR"},"content":{"rendered":"","protected":false},"excerpt":{"rendered":"","protected":false},"featured_media":16544,"template":"","meta":[],"product_brand":[],"product_cat":[1178,1183],"product_tag":[1664,116,217],"class_list":{"0":"post-15121","1":"product","2":"type-product","3":"status-publish","4":"has-post-thumbnail","6":"product_cat-ausztria","7":"product_cat-olaszorszag","8":"product_tag-2nd-auction-hu","9":"product_tag-belyeg","10":"product_tag-tevnyomat","12":"first","13":"instock","14":"sold-individually","15":"shipping-taxable","16":"product-type-simple"},"_links":{"self":[{"href":"https:\/\/stampcurio.com\/hu\/wp-json\/wp\/v2\/product\/15121","targetHints":{"allow":["GET"]}}],"collection":[{"href":"https:\/\/stampcurio.com\/hu\/wp-json\/wp\/v2\/product"}],"about":[{"href":"https:\/\/stampcurio.com\/hu\/wp-json\/wp\/v2\/types\/product"}],"wp:featuredmedia":[{"embeddable":true,"href":"https:\/\/stampcurio.com\/hu\/wp-json\/wp\/v2\/media\/16544"}],"wp:attachment":[{"href":"https:\/\/stampcurio.com\/hu\/wp-json\/wp\/v2\/media?parent=15121"}],"wp:term":[{"taxonomy":"product_brand","embeddable":true,"href":"https:\/\/stampcurio.com\/hu\/wp-json\/wp\/v2\/product_brand?post=15121"},{"taxonomy":"product_cat","embeddable":true,"href":"https:\/\/stampcurio.com\/hu\/wp-json\/wp\/v2\/product_cat?post=15121"},{"taxonomy":"product_tag","embeddable":true,"href":"https:\/\/stampcurio.com\/hu\/wp-json\/wp\/v2\/product_tag?post=15121"}],"curies":[{"name":"wp","href":"https:\/\/api.w.org\/{rel}","templated":true}]}}