{"id":15118,"date":"2024-11-29T18:29:15","date_gmt":"2024-11-29T17:29:15","guid":{"rendered":"https:\/\/stampcurio.com\/product\/1850-9-kr-3-b-exfolatio-attest-goller-ferch-201-exf-on-the-top-and-bottom\/"},"modified":"2025-12-05T04:08:21","modified_gmt":"2025-12-05T03:08:21","slug":"1850-ausztria-9-kr-iiib-tipus-exfolacio-fent-es-lent-is-funfkirchen-lebelyegzes-ferchenbauer-201-100-eur-ferchenbauer-szigno","status":"publish","type":"product","link":"https:\/\/stampcurio.com\/hu\/termek\/1850-ausztria-9-kr-iiib-tipus-exfolacio-fent-es-lent-is-funfkirchen-lebelyegzes-ferchenbauer-201-100-eur-ferchenbauer-szigno\/","title":{"rendered":"1850 Ausztria &#8211; 9 kr IIIb t\u00edpus, exfol\u00e1ci\u00f3 fent \u00e9s lent is F\u00dcNFKIRCHEN leb\u00e9lyegz\u00e9s Ferchenbauer 201. \/ ~100 EUR \/ Ferchenbauer szign\u00f3"},"content":{"rendered":"","protected":false},"excerpt":{"rendered":"","protected":false},"featured_media":23606,"template":"","meta":[],"product_brand":[],"product_cat":[1178,1172],"product_tag":[1664,116,1041,217],"class_list":{"0":"post-15118","1":"product","2":"type-product","3":"status-publish","4":"has-post-thumbnail","6":"product_cat-ausztria","7":"product_cat-magyarorszag","8":"product_tag-2nd-auction-hu","9":"product_tag-belyeg","10":"product_tag-marcophily-hu","11":"product_tag-tevnyomat","13":"first","14":"instock","15":"sold-individually","16":"shipping-taxable","17":"product-type-simple"},"_links":{"self":[{"href":"https:\/\/stampcurio.com\/hu\/wp-json\/wp\/v2\/product\/15118","targetHints":{"allow":["GET"]}}],"collection":[{"href":"https:\/\/stampcurio.com\/hu\/wp-json\/wp\/v2\/product"}],"about":[{"href":"https:\/\/stampcurio.com\/hu\/wp-json\/wp\/v2\/types\/product"}],"wp:featuredmedia":[{"embeddable":true,"href":"https:\/\/stampcurio.com\/hu\/wp-json\/wp\/v2\/media\/23606"}],"wp:attachment":[{"href":"https:\/\/stampcurio.com\/hu\/wp-json\/wp\/v2\/media?parent=15118"}],"wp:term":[{"taxonomy":"product_brand","embeddable":true,"href":"https:\/\/stampcurio.com\/hu\/wp-json\/wp\/v2\/product_brand?post=15118"},{"taxonomy":"product_cat","embeddable":true,"href":"https:\/\/stampcurio.com\/hu\/wp-json\/wp\/v2\/product_cat?post=15118"},{"taxonomy":"product_tag","embeddable":true,"href":"https:\/\/stampcurio.com\/hu\/wp-json\/wp\/v2\/product_tag?post=15118"}],"curies":[{"name":"wp","href":"https:\/\/api.w.org\/{rel}","templated":true}]}}