{"id":15117,"date":"2024-11-29T18:29:15","date_gmt":"2024-11-29T17:29:15","guid":{"rendered":"https:\/\/stampcurio.com\/product\/1850-6-kr-ferch-weisserflack-bei-adlerkopf-40-50-eur\/"},"modified":"2025-12-05T04:08:21","modified_gmt":"2025-12-05T03:08:21","slug":"1850-ausztria-6-kr-belyeg-feher-folt-a-sas-fejenel-lemezhibaval-ferchenbauer-45-eur","status":"publish","type":"product","link":"https:\/\/stampcurio.com\/hu\/termek\/1850-ausztria-6-kr-belyeg-feher-folt-a-sas-fejenel-lemezhibaval-ferchenbauer-45-eur\/","title":{"rendered":"1850 Ausztria &#8211; 6 kr b\u00e9lyeg &#8220;feh\u00e9r folt a sas fej\u00e9n\u00e9l&#8221; lemezhib\u00e1val | Ferchenbauer: +45 EUR"},"content":{"rendered":"","protected":false},"excerpt":{"rendered":"","protected":false},"featured_media":16962,"template":"","meta":[],"product_brand":[],"product_cat":[1178],"product_tag":[1664,116,217],"class_list":{"0":"post-15117","1":"product","2":"type-product","3":"status-publish","4":"has-post-thumbnail","6":"product_cat-ausztria","7":"product_tag-2nd-auction-hu","8":"product_tag-belyeg","9":"product_tag-tevnyomat","11":"first","12":"instock","13":"sold-individually","14":"shipping-taxable","15":"product-type-simple"},"_links":{"self":[{"href":"https:\/\/stampcurio.com\/hu\/wp-json\/wp\/v2\/product\/15117","targetHints":{"allow":["GET"]}}],"collection":[{"href":"https:\/\/stampcurio.com\/hu\/wp-json\/wp\/v2\/product"}],"about":[{"href":"https:\/\/stampcurio.com\/hu\/wp-json\/wp\/v2\/types\/product"}],"wp:featuredmedia":[{"embeddable":true,"href":"https:\/\/stampcurio.com\/hu\/wp-json\/wp\/v2\/media\/16962"}],"wp:attachment":[{"href":"https:\/\/stampcurio.com\/hu\/wp-json\/wp\/v2\/media?parent=15117"}],"wp:term":[{"taxonomy":"product_brand","embeddable":true,"href":"https:\/\/stampcurio.com\/hu\/wp-json\/wp\/v2\/product_brand?post=15117"},{"taxonomy":"product_cat","embeddable":true,"href":"https:\/\/stampcurio.com\/hu\/wp-json\/wp\/v2\/product_cat?post=15117"},{"taxonomy":"product_tag","embeddable":true,"href":"https:\/\/stampcurio.com\/hu\/wp-json\/wp\/v2\/product_tag?post=15117"}],"curies":[{"name":"wp","href":"https:\/\/api.w.org\/{rel}","templated":true}]}}