{"id":15116,"date":"2024-11-29T18:29:14","date_gmt":"2024-11-29T17:29:14","guid":{"rendered":"https:\/\/stampcurio.com\/product\/1850-9-kr-hp-type-2-b-dunkelblau-weisserflacken-plattenfehler\/"},"modified":"2025-12-05T04:08:23","modified_gmt":"2025-12-05T03:08:23","slug":"1850-ausztria-9-kr-kezipapir-sotetkek-ii-b-tipus-weissenflacken-lemezhiba-gbecskerek-lebelyegzes","status":"publish","type":"product","link":"https:\/\/stampcurio.com\/hu\/termek\/1850-ausztria-9-kr-kezipapir-sotetkek-ii-b-tipus-weissenflacken-lemezhiba-gbecskerek-lebelyegzes\/","title":{"rendered":"1850 Ausztria &#8211; 9 kr k\u00e9zipap\u00edr, s\u00f6t\u00e9tk\u00e9k II.b t\u00edpus &#8220;weissenflacken&#8221; lemezhiba &#8211; G:BECSKEREK leb\u00e9lyegz\u00e9s"},"content":{"rendered":"","protected":false},"excerpt":{"rendered":"","protected":false},"featured_media":17083,"template":"","meta":[],"product_brand":[],"product_cat":[1178,1172,1245],"product_tag":[1664,116,217],"class_list":{"0":"post-15116","1":"product","2":"type-product","3":"status-publish","4":"has-post-thumbnail","6":"product_cat-ausztria","7":"product_cat-magyarorszag","8":"product_cat-szerbia","9":"product_tag-2nd-auction-hu","10":"product_tag-belyeg","11":"product_tag-tevnyomat","13":"first","14":"instock","15":"sold-individually","16":"shipping-taxable","17":"product-type-simple"},"_links":{"self":[{"href":"https:\/\/stampcurio.com\/hu\/wp-json\/wp\/v2\/product\/15116","targetHints":{"allow":["GET"]}}],"collection":[{"href":"https:\/\/stampcurio.com\/hu\/wp-json\/wp\/v2\/product"}],"about":[{"href":"https:\/\/stampcurio.com\/hu\/wp-json\/wp\/v2\/types\/product"}],"wp:featuredmedia":[{"embeddable":true,"href":"https:\/\/stampcurio.com\/hu\/wp-json\/wp\/v2\/media\/17083"}],"wp:attachment":[{"href":"https:\/\/stampcurio.com\/hu\/wp-json\/wp\/v2\/media?parent=15116"}],"wp:term":[{"taxonomy":"product_brand","embeddable":true,"href":"https:\/\/stampcurio.com\/hu\/wp-json\/wp\/v2\/product_brand?post=15116"},{"taxonomy":"product_cat","embeddable":true,"href":"https:\/\/stampcurio.com\/hu\/wp-json\/wp\/v2\/product_cat?post=15116"},{"taxonomy":"product_tag","embeddable":true,"href":"https:\/\/stampcurio.com\/hu\/wp-json\/wp\/v2\/product_tag?post=15116"}],"curies":[{"name":"wp","href":"https:\/\/api.w.org\/{rel}","templated":true}]}}