{"id":15113,"date":"2024-11-29T18:29:14","date_gmt":"2024-11-29T17:29:14","guid":{"rendered":"https:\/\/stampcurio.com\/product\/1853-ujsagbelyeg-neudruck-zold\/"},"modified":"2025-12-05T04:08:22","modified_gmt":"2025-12-05T03:08:22","slug":"1853-ausztria-2-kr-ujsagbelyeg-1873-evi-ujnyomata-attest-goller-ferchenbauer-325-eur","status":"publish","type":"product","link":"https:\/\/stampcurio.com\/hu\/termek\/1853-ausztria-2-kr-ujsagbelyeg-1873-evi-ujnyomata-attest-goller-ferchenbauer-325-eur\/","title":{"rendered":"1853 Ausztria &#8211; 2 kr \u00fajs\u00e1gb\u00e9lyeg 1873. \u00e9vi \u00fajnyomata \/ Attest: Goller \/ Ferchenbauer: 325 EUR"},"content":{"rendered":"","protected":false},"excerpt":{"rendered":"","protected":false},"featured_media":16906,"template":"","meta":[],"product_brand":[],"product_cat":[1178,1172],"product_tag":[1664,116,1296],"class_list":{"0":"post-15113","1":"product","2":"type-product","3":"status-publish","4":"has-post-thumbnail","6":"product_cat-ausztria","7":"product_cat-magyarorszag","8":"product_tag-2nd-auction-hu","9":"product_tag-belyeg","10":"product_tag-hirlapbelyeg","12":"first","13":"instock","14":"sold-individually","15":"shipping-taxable","16":"product-type-simple"},"_links":{"self":[{"href":"https:\/\/stampcurio.com\/hu\/wp-json\/wp\/v2\/product\/15113","targetHints":{"allow":["GET"]}}],"collection":[{"href":"https:\/\/stampcurio.com\/hu\/wp-json\/wp\/v2\/product"}],"about":[{"href":"https:\/\/stampcurio.com\/hu\/wp-json\/wp\/v2\/types\/product"}],"wp:featuredmedia":[{"embeddable":true,"href":"https:\/\/stampcurio.com\/hu\/wp-json\/wp\/v2\/media\/16906"}],"wp:attachment":[{"href":"https:\/\/stampcurio.com\/hu\/wp-json\/wp\/v2\/media?parent=15113"}],"wp:term":[{"taxonomy":"product_brand","embeddable":true,"href":"https:\/\/stampcurio.com\/hu\/wp-json\/wp\/v2\/product_brand?post=15113"},{"taxonomy":"product_cat","embeddable":true,"href":"https:\/\/stampcurio.com\/hu\/wp-json\/wp\/v2\/product_cat?post=15113"},{"taxonomy":"product_tag","embeddable":true,"href":"https:\/\/stampcurio.com\/hu\/wp-json\/wp\/v2\/product_tag?post=15113"}],"curies":[{"name":"wp","href":"https:\/\/api.w.org\/{rel}","templated":true}]}}