{"id":15112,"date":"2024-11-29T18:29:13","date_gmt":"2024-11-29T17:29:13","guid":{"rendered":"https:\/\/stampcurio.com\/product\/1873-lombard-velence-1858-ujsagbelyeg-1873-ujnyomata-weisenhaus-neudruck-type-ii-attest-goller-kis-betapadasnyomokkal\/"},"modified":"2025-12-05T04:08:24","modified_gmt":"2025-12-05T03:08:24","slug":"1858-ausztria-lombard-velence-az-1858-as-ujsagbelyeg-1873-mas-weisenhaus-ujnyomata-ii-tipus-postatiszta-attest-goller-ferchenbauer-325-eur","status":"publish","type":"product","link":"https:\/\/stampcurio.com\/hu\/termek\/1858-ausztria-lombard-velence-az-1858-as-ujsagbelyeg-1873-mas-weisenhaus-ujnyomata-ii-tipus-postatiszta-attest-goller-ferchenbauer-325-eur\/","title":{"rendered":"1858 Ausztria Lombard-Velence &#8211; az 1858-as \u00fajs\u00e1gb\u00e9lyeg 1873-mas Weisenhaus \u00fajnyomata &#8211; II. t\u00edpus postatiszta * \/ Attest: Goller \/ Ferchenbauer: 325 EUR"},"content":{"rendered":"","protected":false},"excerpt":{"rendered":"","protected":false},"featured_media":17063,"template":"","meta":[],"product_brand":[],"product_cat":[1178,1183],"product_tag":[1664,116,1296],"class_list":{"0":"post-15112","1":"product","2":"type-product","3":"status-publish","4":"has-post-thumbnail","6":"product_cat-ausztria","7":"product_cat-olaszorszag","8":"product_tag-2nd-auction-hu","9":"product_tag-belyeg","10":"product_tag-hirlapbelyeg","12":"first","13":"instock","14":"sold-individually","15":"shipping-taxable","16":"product-type-simple"},"_links":{"self":[{"href":"https:\/\/stampcurio.com\/hu\/wp-json\/wp\/v2\/product\/15112","targetHints":{"allow":["GET"]}}],"collection":[{"href":"https:\/\/stampcurio.com\/hu\/wp-json\/wp\/v2\/product"}],"about":[{"href":"https:\/\/stampcurio.com\/hu\/wp-json\/wp\/v2\/types\/product"}],"wp:featuredmedia":[{"embeddable":true,"href":"https:\/\/stampcurio.com\/hu\/wp-json\/wp\/v2\/media\/17063"}],"wp:attachment":[{"href":"https:\/\/stampcurio.com\/hu\/wp-json\/wp\/v2\/media?parent=15112"}],"wp:term":[{"taxonomy":"product_brand","embeddable":true,"href":"https:\/\/stampcurio.com\/hu\/wp-json\/wp\/v2\/product_brand?post=15112"},{"taxonomy":"product_cat","embeddable":true,"href":"https:\/\/stampcurio.com\/hu\/wp-json\/wp\/v2\/product_cat?post=15112"},{"taxonomy":"product_tag","embeddable":true,"href":"https:\/\/stampcurio.com\/hu\/wp-json\/wp\/v2\/product_tag?post=15112"}],"curies":[{"name":"wp","href":"https:\/\/api.w.org\/{rel}","templated":true}]}}