{"id":15110,"date":"2024-11-29T18:29:13","date_gmt":"2024-11-29T17:29:13","guid":{"rendered":"https:\/\/stampcurio.com\/product\/1942-kiralyok-sorhoz-kesszult-mayer-fele-terv-tempera-kartonpapiron-alatta-az-ebbol-keszult-belyegterv-nyomdai-fotoja\/"},"modified":"2025-12-05T04:08:24","modified_gmt":"2025-12-05T03:08:24","slug":"1942-magyarorszag-kiralyok-sorhoz-keszult-mayer-fele-terv-tempera-kartonpapiron-alatta-az-ebbol-keszult-belyegterv-nyomdai-fotoja","status":"publish","type":"product","link":"https:\/\/stampcurio.com\/hu\/termek\/1942-magyarorszag-kiralyok-sorhoz-keszult-mayer-fele-terv-tempera-kartonpapiron-alatta-az-ebbol-keszult-belyegterv-nyomdai-fotoja\/","title":{"rendered":"1942 Magyarorsz\u00e1g &#8211; Kir\u00e1lyok sorhoz k\u00e9sz\u00fclt Mayer-f\u00e9le terv tempera, kartonpap\u00edron, alatta az ebb\u0151l k\u00e9sz\u00fclt b\u00e9lyegterv nyomdai fot\u00f3ja"},"content":{"rendered":"","protected":false},"excerpt":{"rendered":"","protected":false},"featured_media":15963,"template":"","meta":[],"product_brand":[],"product_cat":[1172],"product_tag":[1664,116,1377,176,390,1006],"class_list":{"0":"post-15110","1":"product","2":"type-product","3":"status-publish","4":"has-post-thumbnail","6":"product_cat-magyarorszag","7":"product_tag-2nd-auction-hu","8":"product_tag-belyeg","9":"product_tag-belyegterv","10":"product_tag-philagem","11":"product_tag-probanyomat","12":"product_tag-unsold","14":"first","15":"instock","16":"sold-individually","17":"shipping-taxable","18":"product-type-simple"},"_links":{"self":[{"href":"https:\/\/stampcurio.com\/hu\/wp-json\/wp\/v2\/product\/15110","targetHints":{"allow":["GET"]}}],"collection":[{"href":"https:\/\/stampcurio.com\/hu\/wp-json\/wp\/v2\/product"}],"about":[{"href":"https:\/\/stampcurio.com\/hu\/wp-json\/wp\/v2\/types\/product"}],"wp:featuredmedia":[{"embeddable":true,"href":"https:\/\/stampcurio.com\/hu\/wp-json\/wp\/v2\/media\/15963"}],"wp:attachment":[{"href":"https:\/\/stampcurio.com\/hu\/wp-json\/wp\/v2\/media?parent=15110"}],"wp:term":[{"taxonomy":"product_brand","embeddable":true,"href":"https:\/\/stampcurio.com\/hu\/wp-json\/wp\/v2\/product_brand?post=15110"},{"taxonomy":"product_cat","embeddable":true,"href":"https:\/\/stampcurio.com\/hu\/wp-json\/wp\/v2\/product_cat?post=15110"},{"taxonomy":"product_tag","embeddable":true,"href":"https:\/\/stampcurio.com\/hu\/wp-json\/wp\/v2\/product_tag?post=15110"}],"curies":[{"name":"wp","href":"https:\/\/api.w.org\/{rel}","templated":true}]}}