{"id":15109,"date":"2024-11-29T18:29:12","date_gmt":"2024-11-29T17:29:12","guid":{"rendered":"https:\/\/stampcurio.com\/product\/karikatura-kiallitas-betiltott-alkalmi-belyegzese-1951-tekintettelarra-hogy-a-cerzuta-vegere-akasztott-ember-truman-elnokre-hasonlit-el-akratak-kerulnia-adiplomaciai-botranyt-egyik-legritkabb-magyar\/"},"modified":"2025-12-05T04:08:25","modified_gmt":"2025-12-05T03:08:25","slug":"1951-magyarorszag-karikatura-kiallitas-betiltott-alkalmi-belyegzese","status":"publish","type":"product","link":"https:\/\/stampcurio.com\/hu\/termek\/1951-magyarorszag-karikatura-kiallitas-betiltott-alkalmi-belyegzese\/","title":{"rendered":"1951 Magyarorsz\u00e1g &#8211; karikat\u00fara ki\u00e1ll\u00edt\u00e1s betiltott alkalmi b\u00e9lyegz\u00e9se"},"content":{"rendered":"","protected":false},"excerpt":{"rendered":"<p>A b\u00e9lyegz\u00e9st betiltott\u00e1k tekintettel arra, hogy a ceruza v\u00e9g\u00e9re akasztott ember Truman eln\u00f6kre hasonl\u00edt \u00e9s el akart\u00e1k ker\u00fclni a diplom\u00e1ciai botr\u00e1nyt. Az egyik legritk\u00e1bb magyar alkalmi b\u00e9lyegz\u00e9s. H\u00e1rom p\u00e9ld\u00e1ny ismert a b\u00e9lyegm\u00fazeumi k\u00e9szlettel egy\u00fctt.<\/p>\n","protected":false},"featured_media":17280,"template":"","meta":[],"product_brand":[],"product_cat":[1204,1172],"product_tag":[1664,1041,89,1006],"class_list":{"0":"post-15109","1":"product","2":"type-product","3":"status-publish","4":"has-post-thumbnail","6":"product_cat-amerikai-egyesult-allamok","7":"product_cat-magyarorszag","8":"product_tag-2nd-auction-hu","9":"product_tag-marcophily-hu","10":"product_tag-postatortenet","11":"product_tag-unsold","13":"first","14":"instock","15":"sold-individually","16":"shipping-taxable","17":"product-type-simple"},"_links":{"self":[{"href":"https:\/\/stampcurio.com\/hu\/wp-json\/wp\/v2\/product\/15109","targetHints":{"allow":["GET"]}}],"collection":[{"href":"https:\/\/stampcurio.com\/hu\/wp-json\/wp\/v2\/product"}],"about":[{"href":"https:\/\/stampcurio.com\/hu\/wp-json\/wp\/v2\/types\/product"}],"wp:featuredmedia":[{"embeddable":true,"href":"https:\/\/stampcurio.com\/hu\/wp-json\/wp\/v2\/media\/17280"}],"wp:attachment":[{"href":"https:\/\/stampcurio.com\/hu\/wp-json\/wp\/v2\/media?parent=15109"}],"wp:term":[{"taxonomy":"product_brand","embeddable":true,"href":"https:\/\/stampcurio.com\/hu\/wp-json\/wp\/v2\/product_brand?post=15109"},{"taxonomy":"product_cat","embeddable":true,"href":"https:\/\/stampcurio.com\/hu\/wp-json\/wp\/v2\/product_cat?post=15109"},{"taxonomy":"product_tag","embeddable":true,"href":"https:\/\/stampcurio.com\/hu\/wp-json\/wp\/v2\/product_tag?post=15109"}],"curies":[{"name":"wp","href":"https:\/\/api.w.org\/{rel}","templated":true}]}}