{"id":15108,"date":"2024-11-29T18:29:12","date_gmt":"2024-11-29T17:29:12","guid":{"rendered":"https:\/\/stampcurio.com\/product\/becsbe-kuldott-nyasaland-1922-becsbe-portozva-londoni-ajanlasi-ragjeggyel-2-level\/"},"modified":"2025-12-05T04:08:25","modified_gmt":"2025-12-05T03:08:25","slug":"1922-companhia-do-niassa-a-portugal-gyarmatrol-becsbe-kuldott-kikotoben-feladott-boritek-londoni-ajanlasi-ragjeggyel-becsben-portozva","status":"publish","type":"product","link":"https:\/\/stampcurio.com\/hu\/termek\/1922-companhia-do-niassa-a-portugal-gyarmatrol-becsbe-kuldott-kikotoben-feladott-boritek-londoni-ajanlasi-ragjeggyel-becsben-portozva\/","title":{"rendered":"1922 Companhia do Niassa \u2013 A portug\u00e1l gyarmatr\u00f3l B\u00e9csbe k\u00fcld\u00f6tt kik\u00f6t\u0151ben feladott bor\u00edt\u00e9k londoni aj\u00e1nl\u00e1si ragjeggyel, B\u00e9csben port\u00f3zva"},"content":{"rendered":"","protected":false},"excerpt":{"rendered":"","protected":false},"featured_media":17325,"template":"","meta":[],"product_brand":[],"product_cat":[1178,1186,1242,1290],"product_tag":[1664,116,176,108,89],"class_list":{"0":"post-15108","1":"product","2":"type-product","3":"status-publish","4":"has-post-thumbnail","6":"product_cat-ausztria","7":"product_cat-brit-birodalom","8":"product_cat-mozambik","9":"product_cat-portugalia","10":"product_tag-2nd-auction-hu","11":"product_tag-belyeg","12":"product_tag-philagem","13":"product_tag-porto","14":"product_tag-postatortenet","16":"first","17":"instock","18":"sold-individually","19":"shipping-taxable","20":"product-type-simple"},"_links":{"self":[{"href":"https:\/\/stampcurio.com\/hu\/wp-json\/wp\/v2\/product\/15108","targetHints":{"allow":["GET"]}}],"collection":[{"href":"https:\/\/stampcurio.com\/hu\/wp-json\/wp\/v2\/product"}],"about":[{"href":"https:\/\/stampcurio.com\/hu\/wp-json\/wp\/v2\/types\/product"}],"wp:featuredmedia":[{"embeddable":true,"href":"https:\/\/stampcurio.com\/hu\/wp-json\/wp\/v2\/media\/17325"}],"wp:attachment":[{"href":"https:\/\/stampcurio.com\/hu\/wp-json\/wp\/v2\/media?parent=15108"}],"wp:term":[{"taxonomy":"product_brand","embeddable":true,"href":"https:\/\/stampcurio.com\/hu\/wp-json\/wp\/v2\/product_brand?post=15108"},{"taxonomy":"product_cat","embeddable":true,"href":"https:\/\/stampcurio.com\/hu\/wp-json\/wp\/v2\/product_cat?post=15108"},{"taxonomy":"product_tag","embeddable":true,"href":"https:\/\/stampcurio.com\/hu\/wp-json\/wp\/v2\/product_tag?post=15108"}],"curies":[{"name":"wp","href":"https:\/\/api.w.org\/{rel}","templated":true}]}}