{"id":15106,"date":"2024-11-29T18:29:11","date_gmt":"2024-11-29T17:29:11","guid":{"rendered":"https:\/\/stampcurio.com\/product\/1927-beirut-felulnyomott-belyeg-ausztriaba-kuldve-portozva-levelzarokkal-chile-ujzeland-3-egzotikus-portozas\/"},"modified":"2025-12-05T04:08:26","modified_gmt":"2025-12-05T03:08:26","slug":"1927-ausztria-portos-kuldemenyek-jobb-desztinaciok","status":"publish","type":"product","link":"https:\/\/stampcurio.com\/hu\/termek\/1927-ausztria-portos-kuldemenyek-jobb-desztinaciok\/","title":{"rendered":"1927 Ausztria &#8211; port\u00f3s k\u00fcldem\u00e9nyek jobb desztin\u00e1ci\u00f3k"},"content":{"rendered":"","protected":false},"excerpt":{"rendered":"","protected":false},"featured_media":17270,"template":"","meta":[],"product_brand":[],"product_cat":[1178,1244,1637,1220,1243],"product_tag":[1664,116,288,108,89,1006],"class_list":{"0":"post-15106","1":"product","2":"type-product","3":"status-publish","4":"has-post-thumbnail","6":"product_cat-ausztria","7":"product_cat-chile","8":"product_cat-ecuador","9":"product_cat-libanon","10":"product_cat-uj-zeland","11":"product_tag-2nd-auction-hu","12":"product_tag-belyeg","13":"product_tag-parafilatelia","14":"product_tag-porto","15":"product_tag-postatortenet","16":"product_tag-unsold","18":"first","19":"instock","20":"sold-individually","21":"shipping-taxable","22":"product-type-simple"},"_links":{"self":[{"href":"https:\/\/stampcurio.com\/hu\/wp-json\/wp\/v2\/product\/15106","targetHints":{"allow":["GET"]}}],"collection":[{"href":"https:\/\/stampcurio.com\/hu\/wp-json\/wp\/v2\/product"}],"about":[{"href":"https:\/\/stampcurio.com\/hu\/wp-json\/wp\/v2\/types\/product"}],"wp:featuredmedia":[{"embeddable":true,"href":"https:\/\/stampcurio.com\/hu\/wp-json\/wp\/v2\/media\/17270"}],"wp:attachment":[{"href":"https:\/\/stampcurio.com\/hu\/wp-json\/wp\/v2\/media?parent=15106"}],"wp:term":[{"taxonomy":"product_brand","embeddable":true,"href":"https:\/\/stampcurio.com\/hu\/wp-json\/wp\/v2\/product_brand?post=15106"},{"taxonomy":"product_cat","embeddable":true,"href":"https:\/\/stampcurio.com\/hu\/wp-json\/wp\/v2\/product_cat?post=15106"},{"taxonomy":"product_tag","embeddable":true,"href":"https:\/\/stampcurio.com\/hu\/wp-json\/wp\/v2\/product_tag?post=15106"}],"curies":[{"name":"wp","href":"https:\/\/api.w.org\/{rel}","templated":true}]}}