{"id":15105,"date":"2024-11-29T18:29:11","date_gmt":"2024-11-29T17:29:11","guid":{"rendered":"https:\/\/stampcurio.com\/product\/1944-december-pocztowka-obari-feladas-lengyel-tabori-20-zloty-v-valami\/"},"modified":"2025-12-05T04:08:26","modified_gmt":"2025-12-05T03:08:26","slug":"1944-lengyelorszag-dijjegyes-lap-a-grossborn-westfalenhof-fogolytaborbol","status":"publish","type":"product","link":"https:\/\/stampcurio.com\/hu\/termek\/1944-lengyelorszag-dijjegyes-lap-a-grossborn-westfalenhof-fogolytaborbol\/","title":{"rendered":"1944 Lengyelorsz\u00e1g &#8211; d\u00edjjegyes lap a Grossborn-Westfalenhof fogolyt\u00e1borb\u00f3l"},"content":{"rendered":"","protected":false},"excerpt":{"rendered":"","protected":false},"featured_media":17433,"template":"","meta":[],"product_brand":[],"product_cat":[1190,1175],"product_tag":[279,1664,74,1332,89,1006],"class_list":{"0":"post-15105","1":"product","2":"type-product","3":"status-publish","4":"has-post-thumbnail","6":"product_cat-lengyelorszag","7":"product_cat-nemetorszag","8":"product_tag-1944-45","9":"product_tag-2nd-auction-hu","10":"product_tag-dijjegyes","11":"product_tag-helyi-kiadas","12":"product_tag-postatortenet","13":"product_tag-unsold","15":"first","16":"instock","17":"sold-individually","18":"shipping-taxable","19":"product-type-simple"},"_links":{"self":[{"href":"https:\/\/stampcurio.com\/hu\/wp-json\/wp\/v2\/product\/15105","targetHints":{"allow":["GET"]}}],"collection":[{"href":"https:\/\/stampcurio.com\/hu\/wp-json\/wp\/v2\/product"}],"about":[{"href":"https:\/\/stampcurio.com\/hu\/wp-json\/wp\/v2\/types\/product"}],"wp:featuredmedia":[{"embeddable":true,"href":"https:\/\/stampcurio.com\/hu\/wp-json\/wp\/v2\/media\/17433"}],"wp:attachment":[{"href":"https:\/\/stampcurio.com\/hu\/wp-json\/wp\/v2\/media?parent=15105"}],"wp:term":[{"taxonomy":"product_brand","embeddable":true,"href":"https:\/\/stampcurio.com\/hu\/wp-json\/wp\/v2\/product_brand?post=15105"},{"taxonomy":"product_cat","embeddable":true,"href":"https:\/\/stampcurio.com\/hu\/wp-json\/wp\/v2\/product_cat?post=15105"},{"taxonomy":"product_tag","embeddable":true,"href":"https:\/\/stampcurio.com\/hu\/wp-json\/wp\/v2\/product_tag?post=15105"}],"curies":[{"name":"wp","href":"https:\/\/api.w.org\/{rel}","templated":true}]}}