{"id":15104,"date":"2024-11-29T18:29:11","date_gmt":"2024-11-29T17:29:11","guid":{"rendered":"https:\/\/stampcurio.com\/product\/1941-ukrajna-naci-megszallasa-lila-provi-belyegzo-ceruzas-datumjelzes-lila-gumibelyegzovel\/"},"modified":"2025-12-05T04:08:26","modified_gmt":"2025-12-05T03:08:26","slug":"1941-ukrajna-lila-provizorikus-tluste-bahn-czortkow-belyegzo-ceruzas-datumjelzessel-a-magyar-megszallo-csoport-parancsnoksag-katonajanak-hazairt-dijjegyes-levelezolapja","status":"publish","type":"product","link":"https:\/\/stampcurio.com\/hu\/termek\/1941-ukrajna-lila-provizorikus-tluste-bahn-czortkow-belyegzo-ceruzas-datumjelzessel-a-magyar-megszallo-csoport-parancsnoksag-katonajanak-hazairt-dijjegyes-levelezolapja\/","title":{"rendered":"1941 Ukrajna &#8211; lila proviz\u00f3rikus Tluste bahn (?) Czortk\u00f3w b\u00e9lyegz\u0151, ceruz\u00e1s d\u00e1tumjelz\u00e9ssel &#8211; a  Magyar Megsz\u00e1ll\u00f3 Csoport Parancsnoks\u00e1g katon\u00e1j\u00e1nak haza\u00edrt d\u00edjjegyes levelez\u0151lapja"},"content":{"rendered":"","protected":false},"excerpt":{"rendered":"","protected":false},"featured_media":23638,"template":"","meta":[],"product_brand":[],"product_cat":[1172,1175,1226],"product_tag":[279,1664,74,1312,1041,89,256,208,1006],"class_list":{"0":"post-15104","1":"product","2":"type-product","3":"status-publish","4":"has-post-thumbnail","6":"product_cat-magyarorszag","7":"product_cat-nemetorszag","8":"product_cat-ukrajna","9":"product_tag-1944-45","10":"product_tag-2nd-auction-hu","11":"product_tag-dijjegyes","12":"product_tag-gumibelyegzes","13":"product_tag-marcophily-hu","14":"product_tag-postatortenet","15":"product_tag-provizorium","16":"product_tag-tabori-posta","17":"product_tag-unsold","19":"first","20":"instock","21":"sold-individually","22":"shipping-taxable","23":"product-type-simple"},"_links":{"self":[{"href":"https:\/\/stampcurio.com\/hu\/wp-json\/wp\/v2\/product\/15104","targetHints":{"allow":["GET"]}}],"collection":[{"href":"https:\/\/stampcurio.com\/hu\/wp-json\/wp\/v2\/product"}],"about":[{"href":"https:\/\/stampcurio.com\/hu\/wp-json\/wp\/v2\/types\/product"}],"wp:featuredmedia":[{"embeddable":true,"href":"https:\/\/stampcurio.com\/hu\/wp-json\/wp\/v2\/media\/23638"}],"wp:attachment":[{"href":"https:\/\/stampcurio.com\/hu\/wp-json\/wp\/v2\/media?parent=15104"}],"wp:term":[{"taxonomy":"product_brand","embeddable":true,"href":"https:\/\/stampcurio.com\/hu\/wp-json\/wp\/v2\/product_brand?post=15104"},{"taxonomy":"product_cat","embeddable":true,"href":"https:\/\/stampcurio.com\/hu\/wp-json\/wp\/v2\/product_cat?post=15104"},{"taxonomy":"product_tag","embeddable":true,"href":"https:\/\/stampcurio.com\/hu\/wp-json\/wp\/v2\/product_tag?post=15104"}],"curies":[{"name":"wp","href":"https:\/\/api.w.org\/{rel}","templated":true}]}}