{"id":15103,"date":"2024-11-29T18:29:10","date_gmt":"2024-11-29T17:29:10","guid":{"rendered":"https:\/\/stampcurio.com\/product\/xxx-bundi-belyegei-india\/"},"modified":"2025-12-05T04:08:27","modified_gmt":"2025-12-05T03:08:27","slug":"1914-india-bundi-belyegei-forditott-felulnyomatok","status":"publish","type":"product","link":"https:\/\/stampcurio.com\/hu\/termek\/1914-india-bundi-belyegei-forditott-felulnyomatok\/","title":{"rendered":"1914 India &#8211; Bundi b\u00e9lyegei + ford\u00edtott fel\u00fclnyomatok"},"content":{"rendered":"","protected":false},"excerpt":{"rendered":"","protected":false},"featured_media":17359,"template":"","meta":[],"product_brand":[],"product_cat":[1206],"product_tag":[1664,116,217],"class_list":{"0":"post-15103","1":"product","2":"type-product","3":"status-publish","4":"has-post-thumbnail","6":"product_cat-india","7":"product_tag-2nd-auction-hu","8":"product_tag-belyeg","9":"product_tag-tevnyomat","11":"first","12":"instock","13":"sold-individually","14":"shipping-taxable","15":"product-type-simple"},"_links":{"self":[{"href":"https:\/\/stampcurio.com\/hu\/wp-json\/wp\/v2\/product\/15103","targetHints":{"allow":["GET"]}}],"collection":[{"href":"https:\/\/stampcurio.com\/hu\/wp-json\/wp\/v2\/product"}],"about":[{"href":"https:\/\/stampcurio.com\/hu\/wp-json\/wp\/v2\/types\/product"}],"wp:featuredmedia":[{"embeddable":true,"href":"https:\/\/stampcurio.com\/hu\/wp-json\/wp\/v2\/media\/17359"}],"wp:attachment":[{"href":"https:\/\/stampcurio.com\/hu\/wp-json\/wp\/v2\/media?parent=15103"}],"wp:term":[{"taxonomy":"product_brand","embeddable":true,"href":"https:\/\/stampcurio.com\/hu\/wp-json\/wp\/v2\/product_brand?post=15103"},{"taxonomy":"product_cat","embeddable":true,"href":"https:\/\/stampcurio.com\/hu\/wp-json\/wp\/v2\/product_cat?post=15103"},{"taxonomy":"product_tag","embeddable":true,"href":"https:\/\/stampcurio.com\/hu\/wp-json\/wp\/v2\/product_tag?post=15103"}],"curies":[{"name":"wp","href":"https:\/\/api.w.org\/{rel}","templated":true}]}}