{"id":15101,"date":"2024-11-29T18:29:10","date_gmt":"2024-11-29T17:29:10","guid":{"rendered":"https:\/\/stampcurio.com\/product\/xxx-gvallior-state-india-1-anna-belyegzo-nelkul-a-gvalipuriak\/"},"modified":"2025-12-05T04:08:27","modified_gmt":"2025-12-05T03:08:27","slug":"1913-india-gwalior-allam-kepeslap-gwalior-state-india-1-anna-belyegekkel-bermentesitve-vegyes-bermentesites-kratochwill-karolynak-cimezve-vilagkoruli-utazasrol","status":"publish","type":"product","link":"https:\/\/stampcurio.com\/hu\/termek\/1913-india-gwalior-allam-kepeslap-gwalior-state-india-1-anna-belyegekkel-bermentesitve-vegyes-bermentesites-kratochwill-karolynak-cimezve-vilagkoruli-utazasrol\/","title":{"rendered":"1913 India &#8211; Gwalior \u00e1llam &#8211; k\u00e9peslap Gwalior State India + 1 Anna b\u00e9lyegekkel b\u00e9rmentes\u00edtve &#8211; vegyes b\u00e9rmentes\u00edt\u00e9s &#8211; Kratochwill K\u00e1rolynak c\u00edmezve vil\u00e1gk\u00f6r\u00fcli utaz\u00e1sr\u00f3l"},"content":{"rendered":"","protected":false},"excerpt":{"rendered":"","protected":false},"featured_media":17373,"template":"","meta":[],"product_brand":[],"product_cat":[1186,1206,1172],"product_tag":[1664,116,97,1627,1041,89,172],"class_list":{"0":"post-15101","1":"product","2":"type-product","3":"status-publish","4":"has-post-thumbnail","6":"product_cat-brit-birodalom","7":"product_cat-india","8":"product_cat-magyarorszag","9":"product_tag-2nd-auction-hu","10":"product_tag-belyeg","11":"product_tag-kepeslap","12":"product_tag-kratochwill","13":"product_tag-marcophily-hu","14":"product_tag-postatortenet","15":"product_tag-vegyes-bermentesites","17":"first","18":"instock","19":"sold-individually","20":"shipping-taxable","21":"product-type-simple"},"_links":{"self":[{"href":"https:\/\/stampcurio.com\/hu\/wp-json\/wp\/v2\/product\/15101","targetHints":{"allow":["GET"]}}],"collection":[{"href":"https:\/\/stampcurio.com\/hu\/wp-json\/wp\/v2\/product"}],"about":[{"href":"https:\/\/stampcurio.com\/hu\/wp-json\/wp\/v2\/types\/product"}],"wp:featuredmedia":[{"embeddable":true,"href":"https:\/\/stampcurio.com\/hu\/wp-json\/wp\/v2\/media\/17373"}],"wp:attachment":[{"href":"https:\/\/stampcurio.com\/hu\/wp-json\/wp\/v2\/media?parent=15101"}],"wp:term":[{"taxonomy":"product_brand","embeddable":true,"href":"https:\/\/stampcurio.com\/hu\/wp-json\/wp\/v2\/product_brand?post=15101"},{"taxonomy":"product_cat","embeddable":true,"href":"https:\/\/stampcurio.com\/hu\/wp-json\/wp\/v2\/product_cat?post=15101"},{"taxonomy":"product_tag","embeddable":true,"href":"https:\/\/stampcurio.com\/hu\/wp-json\/wp\/v2\/product_tag?post=15101"}],"curies":[{"name":"wp","href":"https:\/\/api.w.org\/{rel}","templated":true}]}}