{"id":1510,"date":"2023-11-09T15:49:02","date_gmt":"2023-11-09T14:49:02","guid":{"rendered":"http:\/\/stampcurio.com\/?post_type=product&#038;p=1510"},"modified":"2025-12-05T04:13:47","modified_gmt":"2025-12-05T03:13:47","slug":"1991-konzulatusi-posta-a-moszkvai-magyar-konzulatusrol-kuldve-de-belfoldon-postazva","status":"publish","type":"product","link":"https:\/\/stampcurio.com\/hu\/termek\/1991-konzulatusi-posta-a-moszkvai-magyar-konzulatusrol-kuldve-de-belfoldon-postazva\/","title":{"rendered":"1991 konzul\u00e1tusi posta a Moszkvai magyar konzul\u00e1tusr\u00f3l k\u00fcldve, de belf\u00f6ld\u00f6n post\u00e1zva"},"content":{"rendered":"","protected":false},"excerpt":{"rendered":"<p>A moszkai konzult\u00e1usr\u00f3l Magyarorsz\u00e1gra a k\u00f6vets\u00e9gi post\u00e1val \u00e9rkezett, majd a k\u00fcl\u00fcgyminiszt\u00e9rium tov\u00e1bb\u00edtotta a levelet belf\u00f6ld\u00f6n, budapesti felad\u00e1ssal.<\/p>\n","protected":false},"featured_media":10974,"template":"","meta":[],"product_brand":[],"product_cat":[73,124],"product_tag":[1044,127,89],"class_list":{"0":"post-1510","1":"product","2":"type-product","3":"status-publish","4":"has-post-thumbnail","6":"product_cat-magyarorszag-1st","7":"product_cat-oroszorszag-1st","8":"product_tag-1st-auction-hu","9":"product_tag-konzulatusi-posta","10":"product_tag-postatortenet","11":"pa_catalog_id-126","13":"first","14":"instock","15":"sold-individually","16":"shipping-taxable","17":"product-type-simple"},"_links":{"self":[{"href":"https:\/\/stampcurio.com\/hu\/wp-json\/wp\/v2\/product\/1510","targetHints":{"allow":["GET"]}}],"collection":[{"href":"https:\/\/stampcurio.com\/hu\/wp-json\/wp\/v2\/product"}],"about":[{"href":"https:\/\/stampcurio.com\/hu\/wp-json\/wp\/v2\/types\/product"}],"wp:featuredmedia":[{"embeddable":true,"href":"https:\/\/stampcurio.com\/hu\/wp-json\/wp\/v2\/media\/10974"}],"wp:attachment":[{"href":"https:\/\/stampcurio.com\/hu\/wp-json\/wp\/v2\/media?parent=1510"}],"wp:term":[{"taxonomy":"product_brand","embeddable":true,"href":"https:\/\/stampcurio.com\/hu\/wp-json\/wp\/v2\/product_brand?post=1510"},{"taxonomy":"product_cat","embeddable":true,"href":"https:\/\/stampcurio.com\/hu\/wp-json\/wp\/v2\/product_cat?post=1510"},{"taxonomy":"product_tag","embeddable":true,"href":"https:\/\/stampcurio.com\/hu\/wp-json\/wp\/v2\/product_tag?post=1510"}],"curies":[{"name":"wp","href":"https:\/\/api.w.org\/{rel}","templated":true}]}}