{"id":15099,"date":"2024-11-29T18:29:07","date_gmt":"2024-11-29T17:29:07","guid":{"rendered":"https:\/\/stampcurio.com\/product\/xxx-kishangarh-belyegek-benne-ritka-2-anna-sarga-forditott-elcsuszott-felulnyomatok\/"},"modified":"2025-12-05T04:08:29","modified_gmt":"2025-12-05T03:08:29","slug":"1899-1913-india-kishangarh-belyegek-benne-ritka-2-anna-sarga-forditott-elcsuszott-felulnyomatok","status":"publish","type":"product","link":"https:\/\/stampcurio.com\/hu\/termek\/1899-1913-india-kishangarh-belyegek-benne-ritka-2-anna-sarga-forditott-elcsuszott-felulnyomatok\/","title":{"rendered":"1899 &#8211; 1913 India &#8211; Kishangarh b\u00e9lyegek, benne ritka 2 Anna s\u00e1rga + ford\u00edtott, elcs\u00faszott fel\u00fclnyomatok"},"content":{"rendered":"","protected":false},"excerpt":{"rendered":"","protected":false},"featured_media":16874,"template":"","meta":[],"product_brand":[],"product_cat":[1206],"product_tag":[1664,116,217],"class_list":{"0":"post-15099","1":"product","2":"type-product","3":"status-publish","4":"has-post-thumbnail","6":"product_cat-india","7":"product_tag-2nd-auction-hu","8":"product_tag-belyeg","9":"product_tag-tevnyomat","11":"first","12":"instock","13":"sold-individually","14":"shipping-taxable","15":"product-type-simple"},"_links":{"self":[{"href":"https:\/\/stampcurio.com\/hu\/wp-json\/wp\/v2\/product\/15099","targetHints":{"allow":["GET"]}}],"collection":[{"href":"https:\/\/stampcurio.com\/hu\/wp-json\/wp\/v2\/product"}],"about":[{"href":"https:\/\/stampcurio.com\/hu\/wp-json\/wp\/v2\/types\/product"}],"wp:featuredmedia":[{"embeddable":true,"href":"https:\/\/stampcurio.com\/hu\/wp-json\/wp\/v2\/media\/16874"}],"wp:attachment":[{"href":"https:\/\/stampcurio.com\/hu\/wp-json\/wp\/v2\/media?parent=15099"}],"wp:term":[{"taxonomy":"product_brand","embeddable":true,"href":"https:\/\/stampcurio.com\/hu\/wp-json\/wp\/v2\/product_brand?post=15099"},{"taxonomy":"product_cat","embeddable":true,"href":"https:\/\/stampcurio.com\/hu\/wp-json\/wp\/v2\/product_cat?post=15099"},{"taxonomy":"product_tag","embeddable":true,"href":"https:\/\/stampcurio.com\/hu\/wp-json\/wp\/v2\/product_tag?post=15099"}],"curies":[{"name":"wp","href":"https:\/\/api.w.org\/{rel}","templated":true}]}}