{"id":15097,"date":"2024-11-29T18:29:06","date_gmt":"2024-11-29T17:29:06","guid":{"rendered":"https:\/\/stampcurio.com\/product\/xxx-kratochvill-vilagkoruli-kepeslap-india-hyderabad-helyi-belyegekkel-nemzetkozi-szallitasert-gyarmati-1-anna-belyeggel-budapestre-kuldve-2-db\/"},"modified":"2025-12-05T04:08:30","modified_gmt":"2025-12-05T03:08:30","slug":"1913-india-hyderabad-magyarorszagra-kuldott-2-db-kepeslap-helyi-belyegekkel-es-a-nemzetkozi-szallitasert-indiai-gyarmati-belyeggel-bermentesitve-kratochwill-karolynak-cimezve-vilagkoruli-utazasrol","status":"publish","type":"product","link":"https:\/\/stampcurio.com\/hu\/termek\/1913-india-hyderabad-magyarorszagra-kuldott-2-db-kepeslap-helyi-belyegekkel-es-a-nemzetkozi-szallitasert-indiai-gyarmati-belyeggel-bermentesitve-kratochwill-karolynak-cimezve-vilagkoruli-utazasrol\/","title":{"rendered":"1913 India &#8211; Hyderabad Magyarorsz\u00e1gra k\u00fcld\u00f6tt 2 db k\u00e9peslap, helyi b\u00e9lyegekkel \u00e9s a nemzetk\u00f6zi sz\u00e1ll\u00edt\u00e1s\u00e9rt indiai gyarmati b\u00e9lyeggel b\u00e9rmentes\u00edtve Kratochwill K\u00e1rolynak c\u00edmezve vil\u00e1gk\u00f6r\u00fcli utaz\u00e1sr\u00f3l"},"content":{"rendered":"","protected":false},"excerpt":{"rendered":"","protected":false},"featured_media":17412,"template":"","meta":[],"product_brand":[],"product_cat":[1186,1206,1172],"product_tag":[1664,116,97,1627,1041,89,172],"class_list":{"0":"post-15097","1":"product","2":"type-product","3":"status-publish","4":"has-post-thumbnail","6":"product_cat-brit-birodalom","7":"product_cat-india","8":"product_cat-magyarorszag","9":"product_tag-2nd-auction-hu","10":"product_tag-belyeg","11":"product_tag-kepeslap","12":"product_tag-kratochwill","13":"product_tag-marcophily-hu","14":"product_tag-postatortenet","15":"product_tag-vegyes-bermentesites","17":"first","18":"instock","19":"sold-individually","20":"shipping-taxable","21":"product-type-simple"},"_links":{"self":[{"href":"https:\/\/stampcurio.com\/hu\/wp-json\/wp\/v2\/product\/15097","targetHints":{"allow":["GET"]}}],"collection":[{"href":"https:\/\/stampcurio.com\/hu\/wp-json\/wp\/v2\/product"}],"about":[{"href":"https:\/\/stampcurio.com\/hu\/wp-json\/wp\/v2\/types\/product"}],"wp:featuredmedia":[{"embeddable":true,"href":"https:\/\/stampcurio.com\/hu\/wp-json\/wp\/v2\/media\/17412"}],"wp:attachment":[{"href":"https:\/\/stampcurio.com\/hu\/wp-json\/wp\/v2\/media?parent=15097"}],"wp:term":[{"taxonomy":"product_brand","embeddable":true,"href":"https:\/\/stampcurio.com\/hu\/wp-json\/wp\/v2\/product_brand?post=15097"},{"taxonomy":"product_cat","embeddable":true,"href":"https:\/\/stampcurio.com\/hu\/wp-json\/wp\/v2\/product_cat?post=15097"},{"taxonomy":"product_tag","embeddable":true,"href":"https:\/\/stampcurio.com\/hu\/wp-json\/wp\/v2\/product_tag?post=15097"}],"curies":[{"name":"wp","href":"https:\/\/api.w.org\/{rel}","templated":true}]}}