{"id":15096,"date":"2024-11-29T18:29:06","date_gmt":"2024-11-29T17:29:06","guid":{"rendered":"https:\/\/stampcurio.com\/product\/xxx-spitzbergak-norvegiabol-drezdaba-kuldott-level-spiztbergak-10-ores-belyeggel-kiegeszitve-spitzbergak-alkalmi-belyegzessel\/"},"modified":"2025-12-05T04:08:30","modified_gmt":"2025-12-05T03:08:30","slug":"1918-spitzbergak-norvegiabol-drezdaba-kuldott-kepeslap-10-ore-belyeggel-kiegeszitve-spitzbergak-alkalmi-belyegzessel","status":"publish","type":"product","link":"https:\/\/stampcurio.com\/hu\/termek\/1918-spitzbergak-norvegiabol-drezdaba-kuldott-kepeslap-10-ore-belyeggel-kiegeszitve-spitzbergak-alkalmi-belyegzessel\/","title":{"rendered":"1918 Spitzberg\u00e1k &#8211; Norv\u00e9gi\u00e1b\u00f3l Drezd\u00e1ba k\u00fcld\u00f6tt k\u00e9peslap, 10 \u00d6RE b\u00e9lyeggel kieg\u00e9sz\u00edtve + Spitzberg\u00e1k alkalmi b\u00e9lyegz\u00e9ssel"},"content":{"rendered":"","protected":false},"excerpt":{"rendered":"","protected":false},"featured_media":17343,"template":"","meta":[],"product_brand":[],"product_cat":[1396,1175,1240],"product_tag":[1664,116,1241,97,1041,89,1006,172],"class_list":{"0":"post-15096","1":"product","2":"type-product","3":"status-publish","4":"has-post-thumbnail","6":"product_cat-eszaki-sark","7":"product_cat-nemetorszag","8":"product_cat-norvegia","9":"product_tag-2nd-auction-hu","10":"product_tag-belyeg","11":"product_tag-eszaki-sark","12":"product_tag-kepeslap","13":"product_tag-marcophily-hu","14":"product_tag-postatortenet","15":"product_tag-unsold","16":"product_tag-vegyes-bermentesites","18":"first","19":"instock","20":"sold-individually","21":"shipping-taxable","22":"product-type-simple"},"_links":{"self":[{"href":"https:\/\/stampcurio.com\/hu\/wp-json\/wp\/v2\/product\/15096","targetHints":{"allow":["GET"]}}],"collection":[{"href":"https:\/\/stampcurio.com\/hu\/wp-json\/wp\/v2\/product"}],"about":[{"href":"https:\/\/stampcurio.com\/hu\/wp-json\/wp\/v2\/types\/product"}],"wp:featuredmedia":[{"embeddable":true,"href":"https:\/\/stampcurio.com\/hu\/wp-json\/wp\/v2\/media\/17343"}],"wp:attachment":[{"href":"https:\/\/stampcurio.com\/hu\/wp-json\/wp\/v2\/media?parent=15096"}],"wp:term":[{"taxonomy":"product_brand","embeddable":true,"href":"https:\/\/stampcurio.com\/hu\/wp-json\/wp\/v2\/product_brand?post=15096"},{"taxonomy":"product_cat","embeddable":true,"href":"https:\/\/stampcurio.com\/hu\/wp-json\/wp\/v2\/product_cat?post=15096"},{"taxonomy":"product_tag","embeddable":true,"href":"https:\/\/stampcurio.com\/hu\/wp-json\/wp\/v2\/product_tag?post=15096"}],"curies":[{"name":"wp","href":"https:\/\/api.w.org\/{rel}","templated":true}]}}