{"id":15095,"date":"2024-11-29T18:29:06","date_gmt":"2024-11-29T17:29:06","guid":{"rendered":"https:\/\/stampcurio.com\/product\/1861-dijjegyes-kivagas-15-kr-ruma-trieszt-levelen-ferch-1750\/"},"modified":"2025-12-05T04:08:29","modified_gmt":"2025-12-05T03:08:29","slug":"1861-ausztria-15-kr-dijjegyes-kivagas-ruma-trieszt-levelen-ferchenbauer-1750-eur","status":"publish","type":"product","link":"https:\/\/stampcurio.com\/hu\/termek\/1861-ausztria-15-kr-dijjegyes-kivagas-ruma-trieszt-levelen-ferchenbauer-1750-eur\/","title":{"rendered":"1861 Ausztria &#8211; 15 kr d\u00edjjegyes kiv\u00e1g\u00e1s Ruma &#8211; Trieszt lev\u00e9len | Ferchenbauer: 1750 EUR"},"content":{"rendered":"","protected":false},"excerpt":{"rendered":"","protected":false},"featured_media":17486,"template":"","meta":[],"product_brand":[],"product_cat":[1178,1172,1245],"product_tag":[1664,116,74,89,1631,1006],"class_list":{"0":"post-15095","1":"product","2":"type-product","3":"status-publish","4":"has-post-thumbnail","6":"product_cat-ausztria","7":"product_cat-magyarorszag","8":"product_cat-szerbia","9":"product_tag-2nd-auction-hu","10":"product_tag-belyeg","11":"product_tag-dijjegyes","12":"product_tag-postatortenet","13":"product_tag-pre-upu","14":"product_tag-unsold","16":"first","17":"instock","18":"sold-individually","19":"shipping-taxable","20":"product-type-simple"},"_links":{"self":[{"href":"https:\/\/stampcurio.com\/hu\/wp-json\/wp\/v2\/product\/15095","targetHints":{"allow":["GET"]}}],"collection":[{"href":"https:\/\/stampcurio.com\/hu\/wp-json\/wp\/v2\/product"}],"about":[{"href":"https:\/\/stampcurio.com\/hu\/wp-json\/wp\/v2\/types\/product"}],"wp:featuredmedia":[{"embeddable":true,"href":"https:\/\/stampcurio.com\/hu\/wp-json\/wp\/v2\/media\/17486"}],"wp:attachment":[{"href":"https:\/\/stampcurio.com\/hu\/wp-json\/wp\/v2\/media?parent=15095"}],"wp:term":[{"taxonomy":"product_brand","embeddable":true,"href":"https:\/\/stampcurio.com\/hu\/wp-json\/wp\/v2\/product_brand?post=15095"},{"taxonomy":"product_cat","embeddable":true,"href":"https:\/\/stampcurio.com\/hu\/wp-json\/wp\/v2\/product_cat?post=15095"},{"taxonomy":"product_tag","embeddable":true,"href":"https:\/\/stampcurio.com\/hu\/wp-json\/wp\/v2\/product_tag?post=15095"}],"curies":[{"name":"wp","href":"https:\/\/api.w.org\/{rel}","templated":true}]}}