{"id":15094,"date":"2024-11-29T18:29:05","date_gmt":"2024-11-29T17:29:05","guid":{"rendered":"https:\/\/stampcurio.com\/product\/1939-bethlen-blokk-probanyomat-rezkarc-a-vegleges-blokk\/"},"modified":"2025-12-05T04:08:31","modified_gmt":"2025-12-05T03:08:31","slug":"1939-magyarorszag-bethlen-blokk-belyegterv-rezkarc-a-vegleges-blokk","status":"publish","type":"product","link":"https:\/\/stampcurio.com\/hu\/termek\/1939-magyarorszag-bethlen-blokk-belyegterv-rezkarc-a-vegleges-blokk\/","title":{"rendered":"1939 Magyarorsz\u00e1g &#8211; Bethlen blokk b\u00e9lyegterv, r\u00e9zkarc + a v\u00e9gleges blokk"},"content":{"rendered":"","protected":false},"excerpt":{"rendered":"","protected":false},"featured_media":17566,"template":"","meta":[],"product_brand":[],"product_cat":[1172],"product_tag":[1664,116,1377,176,1006],"class_list":{"0":"post-15094","1":"product","2":"type-product","3":"status-publish","4":"has-post-thumbnail","6":"product_cat-magyarorszag","7":"product_tag-2nd-auction-hu","8":"product_tag-belyeg","9":"product_tag-belyegterv","10":"product_tag-philagem","11":"product_tag-unsold","13":"first","14":"instock","15":"sold-individually","16":"shipping-taxable","17":"product-type-simple"},"_links":{"self":[{"href":"https:\/\/stampcurio.com\/hu\/wp-json\/wp\/v2\/product\/15094","targetHints":{"allow":["GET"]}}],"collection":[{"href":"https:\/\/stampcurio.com\/hu\/wp-json\/wp\/v2\/product"}],"about":[{"href":"https:\/\/stampcurio.com\/hu\/wp-json\/wp\/v2\/types\/product"}],"wp:featuredmedia":[{"embeddable":true,"href":"https:\/\/stampcurio.com\/hu\/wp-json\/wp\/v2\/media\/17566"}],"wp:attachment":[{"href":"https:\/\/stampcurio.com\/hu\/wp-json\/wp\/v2\/media?parent=15094"}],"wp:term":[{"taxonomy":"product_brand","embeddable":true,"href":"https:\/\/stampcurio.com\/hu\/wp-json\/wp\/v2\/product_brand?post=15094"},{"taxonomy":"product_cat","embeddable":true,"href":"https:\/\/stampcurio.com\/hu\/wp-json\/wp\/v2\/product_cat?post=15094"},{"taxonomy":"product_tag","embeddable":true,"href":"https:\/\/stampcurio.com\/hu\/wp-json\/wp\/v2\/product_tag?post=15094"}],"curies":[{"name":"wp","href":"https:\/\/api.w.org\/{rel}","templated":true}]}}