{"id":15092,"date":"2024-11-29T18:29:05","date_gmt":"2024-11-29T17:29:05","guid":{"rendered":"https:\/\/stampcurio.com\/product\/1926-nemet-legiposta-muncheni-inditas-becs-konstantinapoly-budapesti-atszallassal-budapest-konstantinapoly-iranyitobelyegzovel-hatoldalan-galatz-atmeno-es-isztambuli-erkeztetessel\/"},"modified":"2025-12-05T04:08:30","modified_gmt":"2025-12-05T03:08:30","slug":"1926-nemetorszag-legiposta-boritek-munchenbol-inditva-konstantinapolyba-budapest-konstantinapoly-iranyitobelyegzovel-hatoldalan-galatz-atmeno-es-isztambul-erkeztetessel-becs-bukarest-piros-feli","status":"publish","type":"product","link":"https:\/\/stampcurio.com\/hu\/termek\/1926-nemetorszag-legiposta-boritek-munchenbol-inditva-konstantinapolyba-budapest-konstantinapoly-iranyitobelyegzovel-hatoldalan-galatz-atmeno-es-isztambul-erkeztetessel-becs-bukarest-piros-feli\/","title":{"rendered":"1926 N\u00e9metorsz\u00e1g &#8211; L\u00e9giposta bor\u00edt\u00e9k M\u00fcnchenb\u0151l ind\u00edtva Konstantin\u00e1polyba, Budapest &#8211; Konstantin\u00e1poly ir\u00e1ny\u00edt\u00f3b\u00e9lyegz\u0151vel, h\u00e1toldal\u00e1n Galatz \u00e1tmen\u0151 \u00e9s Isztambul \u00e9rkeztet\u00e9ssel, B\u00e9cs-Bukarest piros felir\u00e1ssal"},"content":{"rendered":"","protected":false},"excerpt":{"rendered":"","protected":false},"featured_media":17562,"template":"","meta":[],"product_brand":[],"product_cat":[1178,1172,1175,1208,1188],"product_tag":[1664,116,115,1041,89,1006],"class_list":{"0":"post-15092","1":"product","2":"type-product","3":"status-publish","4":"has-post-thumbnail","6":"product_cat-ausztria","7":"product_cat-magyarorszag","8":"product_cat-nemetorszag","9":"product_cat-romania","10":"product_cat-torokorszag","11":"product_tag-2nd-auction-hu","12":"product_tag-belyeg","13":"product_tag-legiposta","14":"product_tag-marcophily-hu","15":"product_tag-postatortenet","16":"product_tag-unsold","18":"first","19":"instock","20":"sold-individually","21":"shipping-taxable","22":"product-type-simple"},"_links":{"self":[{"href":"https:\/\/stampcurio.com\/hu\/wp-json\/wp\/v2\/product\/15092","targetHints":{"allow":["GET"]}}],"collection":[{"href":"https:\/\/stampcurio.com\/hu\/wp-json\/wp\/v2\/product"}],"about":[{"href":"https:\/\/stampcurio.com\/hu\/wp-json\/wp\/v2\/types\/product"}],"wp:featuredmedia":[{"embeddable":true,"href":"https:\/\/stampcurio.com\/hu\/wp-json\/wp\/v2\/media\/17562"}],"wp:attachment":[{"href":"https:\/\/stampcurio.com\/hu\/wp-json\/wp\/v2\/media?parent=15092"}],"wp:term":[{"taxonomy":"product_brand","embeddable":true,"href":"https:\/\/stampcurio.com\/hu\/wp-json\/wp\/v2\/product_brand?post=15092"},{"taxonomy":"product_cat","embeddable":true,"href":"https:\/\/stampcurio.com\/hu\/wp-json\/wp\/v2\/product_cat?post=15092"},{"taxonomy":"product_tag","embeddable":true,"href":"https:\/\/stampcurio.com\/hu\/wp-json\/wp\/v2\/product_tag?post=15092"}],"curies":[{"name":"wp","href":"https:\/\/api.w.org\/{rel}","templated":true}]}}