{"id":15091,"date":"2024-11-29T18:29:04","date_gmt":"2024-11-29T17:29:04","guid":{"rendered":"https:\/\/stampcurio.com\/product\/1931-zeppelin-ritka-malyguin-ledobas-jegtoro-hajo-cccp-ussr-eszaki-sark-repules-belyegekkel-polarflight\/"},"modified":"2025-12-05T04:08:32","modified_gmt":"2025-12-05T03:08:32","slug":"1931-szovjetunio-zeppelin-eszaki-sarki-repules-levelezo-lap-az-eszaki-sark-repules-belyegekkel-malyguin-jegtoro-hajora-ledobas","status":"publish","type":"product","link":"https:\/\/stampcurio.com\/hu\/termek\/1931-szovjetunio-zeppelin-eszaki-sarki-repules-levelezo-lap-az-eszaki-sark-repules-belyegekkel-malyguin-jegtoro-hajora-ledobas\/","title":{"rendered":"1931 Szovjetuni\u00f3 &#8211; Zeppelin \u00e9szaki sarki rep\u00fcl\u00e9s levelez\u0151 lap az \u00c9szaki-sark rep\u00fcl\u00e9s b\u00e9lyegekkel &#8211; Malyguin j\u00e9gt\u00f6r\u0151 haj\u00f3ra ledob\u00e1s"},"content":{"rendered":"","protected":false},"excerpt":{"rendered":"","protected":false},"featured_media":17558,"template":"","meta":[],"product_brand":[],"product_cat":[1396,1175,1239],"product_tag":[1664,1241,1325,115,89,1006,150],"class_list":{"0":"post-15091","1":"product","2":"type-product","3":"status-publish","4":"has-post-thumbnail","6":"product_cat-eszaki-sark","7":"product_cat-nemetorszag","8":"product_cat-szovjetunio","9":"product_tag-2nd-auction-hu","10":"product_tag-eszaki-sark","11":"product_tag-hajo","12":"product_tag-legiposta","13":"product_tag-postatortenet","14":"product_tag-unsold","15":"product_tag-zeppelin","17":"first","18":"instock","19":"sold-individually","20":"shipping-taxable","21":"product-type-simple"},"_links":{"self":[{"href":"https:\/\/stampcurio.com\/hu\/wp-json\/wp\/v2\/product\/15091","targetHints":{"allow":["GET"]}}],"collection":[{"href":"https:\/\/stampcurio.com\/hu\/wp-json\/wp\/v2\/product"}],"about":[{"href":"https:\/\/stampcurio.com\/hu\/wp-json\/wp\/v2\/types\/product"}],"wp:featuredmedia":[{"embeddable":true,"href":"https:\/\/stampcurio.com\/hu\/wp-json\/wp\/v2\/media\/17558"}],"wp:attachment":[{"href":"https:\/\/stampcurio.com\/hu\/wp-json\/wp\/v2\/media?parent=15091"}],"wp:term":[{"taxonomy":"product_brand","embeddable":true,"href":"https:\/\/stampcurio.com\/hu\/wp-json\/wp\/v2\/product_brand?post=15091"},{"taxonomy":"product_cat","embeddable":true,"href":"https:\/\/stampcurio.com\/hu\/wp-json\/wp\/v2\/product_cat?post=15091"},{"taxonomy":"product_tag","embeddable":true,"href":"https:\/\/stampcurio.com\/hu\/wp-json\/wp\/v2\/product_tag?post=15091"}],"curies":[{"name":"wp","href":"https:\/\/api.w.org\/{rel}","templated":true}]}}