{"id":15090,"date":"2024-11-29T18:29:04","date_gmt":"2024-11-29T17:29:04","guid":{"rendered":"https:\/\/stampcurio.com\/product\/1860-korul-bejrutba-feladott-pestre-kuldott-portos-level-ausztria-levante-ritka-korai-bejovo-level\/"},"modified":"2025-12-05T04:08:32","modified_gmt":"2025-12-05T03:08:32","slug":"1860-ausztria-levante-beirutbol-pestre-kuldott-portos-level-ritka-korai-bejovo-level","status":"publish","type":"product","link":"https:\/\/stampcurio.com\/hu\/termek\/1860-ausztria-levante-beirutbol-pestre-kuldott-portos-level-ritka-korai-bejovo-level\/","title":{"rendered":"1860 Ausztria Levante &#8211; Beirutb\u00f3l Pestre k\u00fcld\u00f6tt port\u00f3s lev\u00e9l, ritka korai bej\u00f6v\u0151 lev\u00e9l"},"content":{"rendered":"","protected":false},"excerpt":{"rendered":"","protected":false},"featured_media":17515,"template":"","meta":[],"product_brand":[],"product_cat":[1178,1220,1172],"product_tag":[1664,108,89,1631],"class_list":{"0":"post-15090","1":"product","2":"type-product","3":"status-publish","4":"has-post-thumbnail","6":"product_cat-ausztria","7":"product_cat-libanon","8":"product_cat-magyarorszag","9":"product_tag-2nd-auction-hu","10":"product_tag-porto","11":"product_tag-postatortenet","12":"product_tag-pre-upu","14":"first","15":"instock","16":"sold-individually","17":"shipping-taxable","18":"product-type-simple"},"_links":{"self":[{"href":"https:\/\/stampcurio.com\/hu\/wp-json\/wp\/v2\/product\/15090","targetHints":{"allow":["GET"]}}],"collection":[{"href":"https:\/\/stampcurio.com\/hu\/wp-json\/wp\/v2\/product"}],"about":[{"href":"https:\/\/stampcurio.com\/hu\/wp-json\/wp\/v2\/types\/product"}],"wp:featuredmedia":[{"embeddable":true,"href":"https:\/\/stampcurio.com\/hu\/wp-json\/wp\/v2\/media\/17515"}],"wp:attachment":[{"href":"https:\/\/stampcurio.com\/hu\/wp-json\/wp\/v2\/media?parent=15090"}],"wp:term":[{"taxonomy":"product_brand","embeddable":true,"href":"https:\/\/stampcurio.com\/hu\/wp-json\/wp\/v2\/product_brand?post=15090"},{"taxonomy":"product_cat","embeddable":true,"href":"https:\/\/stampcurio.com\/hu\/wp-json\/wp\/v2\/product_cat?post=15090"},{"taxonomy":"product_tag","embeddable":true,"href":"https:\/\/stampcurio.com\/hu\/wp-json\/wp\/v2\/product_tag?post=15090"}],"curies":[{"name":"wp","href":"https:\/\/api.w.org\/{rel}","templated":true}]}}