{"id":15089,"date":"2024-11-29T18:29:04","date_gmt":"2024-11-29T17:29:04","guid":{"rendered":"https:\/\/stampcurio.com\/product\/peterdi-hajoposta-level-1889-franciaorszagba-feladva-szelvenyes-kikotoben-belyegzessel-szelvenyes-2-frankos-belyeggel\/"},"modified":"2025-12-05T04:08:32","modified_gmt":"2025-12-05T03:08:32","slug":"1899-magyarorszag-peterdi-hajoposta-level-franciaorszagba-feladva-kikotoben-belyegzessel","status":"publish","type":"product","link":"https:\/\/stampcurio.com\/hu\/termek\/1899-magyarorszag-peterdi-hajoposta-level-franciaorszagba-feladva-kikotoben-belyegzessel\/","title":{"rendered":"1899 Magyarorsz\u00e1g &#8211; Peterdi haj\u00f3posta lev\u00e9l Franciaorsz\u00e1gba feladva &#8220;kik\u00f6t\u0151ben&#8221; b\u00e9lyegz\u00e9ssel"},"content":{"rendered":"","protected":false},"excerpt":{"rendered":"","protected":false},"featured_media":17535,"template":"","meta":[],"product_brand":[],"product_cat":[1181,1172],"product_tag":[1664,116,1316,1321,89,1006],"class_list":{"0":"post-15089","1":"product","2":"type-product","3":"status-publish","4":"has-post-thumbnail","6":"product_cat-franciaorszag","7":"product_cat-magyarorszag","8":"product_tag-2nd-auction-hu","9":"product_tag-belyeg","10":"product_tag-hajoposta","11":"product_tag-peterdi","12":"product_tag-postatortenet","13":"product_tag-unsold","15":"first","16":"instock","17":"sold-individually","18":"shipping-taxable","19":"product-type-simple"},"_links":{"self":[{"href":"https:\/\/stampcurio.com\/hu\/wp-json\/wp\/v2\/product\/15089","targetHints":{"allow":["GET"]}}],"collection":[{"href":"https:\/\/stampcurio.com\/hu\/wp-json\/wp\/v2\/product"}],"about":[{"href":"https:\/\/stampcurio.com\/hu\/wp-json\/wp\/v2\/types\/product"}],"wp:featuredmedia":[{"embeddable":true,"href":"https:\/\/stampcurio.com\/hu\/wp-json\/wp\/v2\/media\/17535"}],"wp:attachment":[{"href":"https:\/\/stampcurio.com\/hu\/wp-json\/wp\/v2\/media?parent=15089"}],"wp:term":[{"taxonomy":"product_brand","embeddable":true,"href":"https:\/\/stampcurio.com\/hu\/wp-json\/wp\/v2\/product_brand?post=15089"},{"taxonomy":"product_cat","embeddable":true,"href":"https:\/\/stampcurio.com\/hu\/wp-json\/wp\/v2\/product_cat?post=15089"},{"taxonomy":"product_tag","embeddable":true,"href":"https:\/\/stampcurio.com\/hu\/wp-json\/wp\/v2\/product_tag?post=15089"}],"curies":[{"name":"wp","href":"https:\/\/api.w.org\/{rel}","templated":true}]}}