{"id":15088,"date":"2024-11-29T18:29:03","date_gmt":"2024-11-29T17:29:03","guid":{"rendered":"https:\/\/stampcurio.com\/product\/1956-november-2-meter-stamp-nemetorszag-boritek-budapestre-kuldve-forradalmi-helyzet-miatt-visszairanyitva\/"},"modified":"2025-12-05T04:08:33","modified_gmt":"2025-12-05T03:08:33","slug":"1956-november-2-nemetorszag-gepi-belyeggel-bermentesitett-boritek-budapestre-kuldve-a-forradalmi-helyzet-miatt-visszairanyitva","status":"publish","type":"product","link":"https:\/\/stampcurio.com\/hu\/termek\/1956-november-2-nemetorszag-gepi-belyeggel-bermentesitett-boritek-budapestre-kuldve-a-forradalmi-helyzet-miatt-visszairanyitva\/","title":{"rendered":"1956. november 2. N\u00e9metorsz\u00e1g &#8211; g\u00e9pi b\u00e9lyeggel b\u00e9rmentes\u00edtett bor\u00edt\u00e9k Budapestre k\u00fcldve, a forradalmi helyzet miatt visszair\u00e1ny\u00edtva"},"content":{"rendered":"","protected":false},"excerpt":{"rendered":"","protected":false},"featured_media":17463,"template":"","meta":[],"product_brand":[],"product_cat":[1172,1175],"product_tag":[1664,1383,89],"class_list":{"0":"post-15088","1":"product","2":"type-product","3":"status-publish","4":"has-post-thumbnail","6":"product_cat-magyarorszag","7":"product_cat-nemetorszag","8":"product_tag-2nd-auction-hu","9":"product_tag-gepi-bermentesites","10":"product_tag-postatortenet","12":"first","13":"instock","14":"sold-individually","15":"shipping-taxable","16":"product-type-simple"},"_links":{"self":[{"href":"https:\/\/stampcurio.com\/hu\/wp-json\/wp\/v2\/product\/15088","targetHints":{"allow":["GET"]}}],"collection":[{"href":"https:\/\/stampcurio.com\/hu\/wp-json\/wp\/v2\/product"}],"about":[{"href":"https:\/\/stampcurio.com\/hu\/wp-json\/wp\/v2\/types\/product"}],"wp:featuredmedia":[{"embeddable":true,"href":"https:\/\/stampcurio.com\/hu\/wp-json\/wp\/v2\/media\/17463"}],"wp:attachment":[{"href":"https:\/\/stampcurio.com\/hu\/wp-json\/wp\/v2\/media?parent=15088"}],"wp:term":[{"taxonomy":"product_brand","embeddable":true,"href":"https:\/\/stampcurio.com\/hu\/wp-json\/wp\/v2\/product_brand?post=15088"},{"taxonomy":"product_cat","embeddable":true,"href":"https:\/\/stampcurio.com\/hu\/wp-json\/wp\/v2\/product_cat?post=15088"},{"taxonomy":"product_tag","embeddable":true,"href":"https:\/\/stampcurio.com\/hu\/wp-json\/wp\/v2\/product_tag?post=15088"}],"curies":[{"name":"wp","href":"https:\/\/api.w.org\/{rel}","templated":true}]}}