{"id":15087,"date":"2024-11-29T18:29:03","date_gmt":"2024-11-29T17:29:03","guid":{"rendered":"https:\/\/stampcurio.com\/product\/1960-eszak-korea-varoskepes-dijjegyes-boritek-csehszlovakiaba-kuldve\/"},"modified":"2025-12-05T04:08:33","modified_gmt":"2025-12-05T03:08:33","slug":"1960-eszak-korea-varoskepes-dijjegyes-boritek-csehszlovakiaba-kuldve","status":"publish","type":"product","link":"https:\/\/stampcurio.com\/hu\/termek\/1960-eszak-korea-varoskepes-dijjegyes-boritek-csehszlovakiaba-kuldve\/","title":{"rendered":"1960 \u00c9szak-Korea &#8211; v\u00e1rosk\u00e9pes d\u00edjjegyes bor\u00edt\u00e9k Csehszlov\u00e1ki\u00e1ba k\u00fcldve"},"content":{"rendered":"","protected":false},"excerpt":{"rendered":"","protected":false},"featured_media":17320,"template":"","meta":[],"product_brand":[],"product_cat":[1238,1225,1189],"product_tag":[1664,74,89],"class_list":{"0":"post-15087","1":"product","2":"type-product","3":"status-publish","4":"has-post-thumbnail","6":"product_cat-csehorszag","7":"product_cat-eszak-korea","8":"product_cat-szlovakia","9":"product_tag-2nd-auction-hu","10":"product_tag-dijjegyes","11":"product_tag-postatortenet","13":"first","14":"instock","15":"sold-individually","16":"shipping-taxable","17":"product-type-simple"},"_links":{"self":[{"href":"https:\/\/stampcurio.com\/hu\/wp-json\/wp\/v2\/product\/15087","targetHints":{"allow":["GET"]}}],"collection":[{"href":"https:\/\/stampcurio.com\/hu\/wp-json\/wp\/v2\/product"}],"about":[{"href":"https:\/\/stampcurio.com\/hu\/wp-json\/wp\/v2\/types\/product"}],"wp:featuredmedia":[{"embeddable":true,"href":"https:\/\/stampcurio.com\/hu\/wp-json\/wp\/v2\/media\/17320"}],"wp:attachment":[{"href":"https:\/\/stampcurio.com\/hu\/wp-json\/wp\/v2\/media?parent=15087"}],"wp:term":[{"taxonomy":"product_brand","embeddable":true,"href":"https:\/\/stampcurio.com\/hu\/wp-json\/wp\/v2\/product_brand?post=15087"},{"taxonomy":"product_cat","embeddable":true,"href":"https:\/\/stampcurio.com\/hu\/wp-json\/wp\/v2\/product_cat?post=15087"},{"taxonomy":"product_tag","embeddable":true,"href":"https:\/\/stampcurio.com\/hu\/wp-json\/wp\/v2\/product_tag?post=15087"}],"curies":[{"name":"wp","href":"https:\/\/api.w.org\/{rel}","templated":true}]}}