{"id":15086,"date":"2024-11-29T18:29:03","date_gmt":"2024-11-29T17:29:03","guid":{"rendered":"https:\/\/stampcurio.com\/product\/19x-1974-talan-pontos-evszamot-kinyomoz-ajanlott-legiposta-svedorszagba-ritka-relacio-ek\/"},"modified":"2025-12-05T04:08:33","modified_gmt":"2025-12-05T03:08:33","slug":"1974-eszak-korea-ajanlott-legiposta-level-svedorszagba-ritka-relacio","status":"publish","type":"product","link":"https:\/\/stampcurio.com\/hu\/termek\/1974-eszak-korea-ajanlott-legiposta-level-svedorszagba-ritka-relacio\/","title":{"rendered":"1974 \u00c9szak-Korea \u2013 aj\u00e1nlott l\u00e9giposta lev\u00e9l Sv\u00e9dorsz\u00e1gba &#8211; ritka rel\u00e1ci\u00f3"},"content":{"rendered":"","protected":false},"excerpt":{"rendered":"","protected":false},"featured_media":17482,"template":"","meta":[],"product_brand":[],"product_cat":[1225,1237],"product_tag":[1664,115,89],"class_list":{"0":"post-15086","1":"product","2":"type-product","3":"status-publish","4":"has-post-thumbnail","6":"product_cat-eszak-korea","7":"product_cat-svedorszag","8":"product_tag-2nd-auction-hu","9":"product_tag-legiposta","10":"product_tag-postatortenet","12":"first","13":"instock","14":"sold-individually","15":"shipping-taxable","16":"product-type-simple"},"_links":{"self":[{"href":"https:\/\/stampcurio.com\/hu\/wp-json\/wp\/v2\/product\/15086","targetHints":{"allow":["GET"]}}],"collection":[{"href":"https:\/\/stampcurio.com\/hu\/wp-json\/wp\/v2\/product"}],"about":[{"href":"https:\/\/stampcurio.com\/hu\/wp-json\/wp\/v2\/types\/product"}],"wp:featuredmedia":[{"embeddable":true,"href":"https:\/\/stampcurio.com\/hu\/wp-json\/wp\/v2\/media\/17482"}],"wp:attachment":[{"href":"https:\/\/stampcurio.com\/hu\/wp-json\/wp\/v2\/media?parent=15086"}],"wp:term":[{"taxonomy":"product_brand","embeddable":true,"href":"https:\/\/stampcurio.com\/hu\/wp-json\/wp\/v2\/product_brand?post=15086"},{"taxonomy":"product_cat","embeddable":true,"href":"https:\/\/stampcurio.com\/hu\/wp-json\/wp\/v2\/product_cat?post=15086"},{"taxonomy":"product_tag","embeddable":true,"href":"https:\/\/stampcurio.com\/hu\/wp-json\/wp\/v2\/product_tag?post=15086"}],"curies":[{"name":"wp","href":"https:\/\/api.w.org\/{rel}","templated":true}]}}