{"id":15084,"date":"2024-11-29T18:29:02","date_gmt":"2024-11-29T17:29:02","guid":{"rendered":"https:\/\/stampcurio.com\/product\/1954-eszak-korea-forgalmi-belyegek-boritekon-belyegeket-nem-erinto-fuggoleges-hajtasnyommal\/"},"modified":"2025-12-05T04:08:35","modified_gmt":"2025-12-05T03:08:35","slug":"1954-eszak-korea-forgalmi-belyegek-boritekon-a-belyegeket-nem-erinto-fuggoleges-hajtasnyommal","status":"publish","type":"product","link":"https:\/\/stampcurio.com\/hu\/termek\/1954-eszak-korea-forgalmi-belyegek-boritekon-a-belyegeket-nem-erinto-fuggoleges-hajtasnyommal\/","title":{"rendered":"1954 \u00c9szak-Korea &#8211; forgalmi b\u00e9lyegek bor\u00edt\u00e9kon, a b\u00e9lyegeket nem \u00e9rint\u0151 f\u00fcgg\u0151leges hajt\u00e1snyommal"},"content":{"rendered":"","protected":false},"excerpt":{"rendered":"","protected":false},"featured_media":17379,"template":"","meta":[],"product_brand":[],"product_cat":[1225],"product_tag":[1664,116,89,217],"class_list":{"0":"post-15084","1":"product","2":"type-product","3":"status-publish","4":"has-post-thumbnail","6":"product_cat-eszak-korea","7":"product_tag-2nd-auction-hu","8":"product_tag-belyeg","9":"product_tag-postatortenet","10":"product_tag-tevnyomat","12":"first","13":"instock","14":"sold-individually","15":"shipping-taxable","16":"product-type-simple"},"_links":{"self":[{"href":"https:\/\/stampcurio.com\/hu\/wp-json\/wp\/v2\/product\/15084","targetHints":{"allow":["GET"]}}],"collection":[{"href":"https:\/\/stampcurio.com\/hu\/wp-json\/wp\/v2\/product"}],"about":[{"href":"https:\/\/stampcurio.com\/hu\/wp-json\/wp\/v2\/types\/product"}],"wp:featuredmedia":[{"embeddable":true,"href":"https:\/\/stampcurio.com\/hu\/wp-json\/wp\/v2\/media\/17379"}],"wp:attachment":[{"href":"https:\/\/stampcurio.com\/hu\/wp-json\/wp\/v2\/media?parent=15084"}],"wp:term":[{"taxonomy":"product_brand","embeddable":true,"href":"https:\/\/stampcurio.com\/hu\/wp-json\/wp\/v2\/product_brand?post=15084"},{"taxonomy":"product_cat","embeddable":true,"href":"https:\/\/stampcurio.com\/hu\/wp-json\/wp\/v2\/product_cat?post=15084"},{"taxonomy":"product_tag","embeddable":true,"href":"https:\/\/stampcurio.com\/hu\/wp-json\/wp\/v2\/product_tag?post=15084"}],"curies":[{"name":"wp","href":"https:\/\/api.w.org\/{rel}","templated":true}]}}