{"id":15082,"date":"2024-11-29T18:29:01","date_gmt":"2024-11-29T17:29:01","guid":{"rendered":"https:\/\/stampcurio.com\/product\/1896-milleneumi-dijjegyes-korai-ritka-posner-reklamfelulnyomassal\/"},"modified":"2025-12-05T04:08:37","modified_gmt":"2025-12-05T03:08:37","slug":"1896-magyarorszag-millenniumi-dijjegyes-korai-es-ritka-posner-reklamfelulnyomassal","status":"publish","type":"product","link":"https:\/\/stampcurio.com\/hu\/termek\/1896-magyarorszag-millenniumi-dijjegyes-korai-es-ritka-posner-reklamfelulnyomassal\/","title":{"rendered":"1896 Magyarorsz\u00e1g &#8211; millenniumi d\u00edjjegyes, korai \u00e9s ritka Posner rekl\u00e1mfel\u00fclnyom\u00e1ssal"},"content":{"rendered":"","protected":false},"excerpt":{"rendered":"","protected":false},"featured_media":17511,"template":"","meta":[],"product_brand":[],"product_cat":[1172],"product_tag":[1664,74,89,75],"class_list":{"0":"post-15082","1":"product","2":"type-product","3":"status-publish","4":"has-post-thumbnail","6":"product_cat-magyarorszag","7":"product_tag-2nd-auction-hu","8":"product_tag-dijjegyes","9":"product_tag-postatortenet","10":"product_tag-reklam","12":"first","13":"instock","14":"sold-individually","15":"shipping-taxable","16":"product-type-simple"},"_links":{"self":[{"href":"https:\/\/stampcurio.com\/hu\/wp-json\/wp\/v2\/product\/15082","targetHints":{"allow":["GET"]}}],"collection":[{"href":"https:\/\/stampcurio.com\/hu\/wp-json\/wp\/v2\/product"}],"about":[{"href":"https:\/\/stampcurio.com\/hu\/wp-json\/wp\/v2\/types\/product"}],"wp:featuredmedia":[{"embeddable":true,"href":"https:\/\/stampcurio.com\/hu\/wp-json\/wp\/v2\/media\/17511"}],"wp:attachment":[{"href":"https:\/\/stampcurio.com\/hu\/wp-json\/wp\/v2\/media?parent=15082"}],"wp:term":[{"taxonomy":"product_brand","embeddable":true,"href":"https:\/\/stampcurio.com\/hu\/wp-json\/wp\/v2\/product_brand?post=15082"},{"taxonomy":"product_cat","embeddable":true,"href":"https:\/\/stampcurio.com\/hu\/wp-json\/wp\/v2\/product_cat?post=15082"},{"taxonomy":"product_tag","embeddable":true,"href":"https:\/\/stampcurio.com\/hu\/wp-json\/wp\/v2\/product_tag?post=15082"}],"curies":[{"name":"wp","href":"https:\/\/api.w.org\/{rel}","templated":true}]}}