{"id":15081,"date":"2024-11-29T18:29:01","date_gmt":"2024-11-29T17:29:01","guid":{"rendered":"https:\/\/stampcurio.com\/product\/xxx-partosfalva-2-filler-6ostomb-partosfalva-felulnyomassal\/"},"modified":"2025-12-05T04:08:36","modified_gmt":"2025-12-05T03:08:36","slug":"1919-shs-2-filler-hatostomb-partosfalva-felulnyomassal-kivagason","status":"publish","type":"product","link":"https:\/\/stampcurio.com\/hu\/termek\/1919-shs-2-filler-hatostomb-partosfalva-felulnyomassal-kivagason\/","title":{"rendered":"1919 SHS &#8211; 2 fill\u00e9r hatost\u00f6mb P\u00e1rtosfalva fel\u00fclnyom\u00e1ssal kiv\u00e1g\u00e1son"},"content":{"rendered":"","protected":false},"excerpt":{"rendered":"","protected":false},"featured_media":17046,"template":"","meta":[],"product_brand":[],"product_cat":[1222,1192,1172,1245,1236],"product_tag":[1664,116,256],"class_list":{"0":"post-15081","1":"product","2":"type-product","3":"status-publish","4":"has-post-thumbnail","6":"product_cat-bosznia-hercegovina","7":"product_cat-horvatorszag","8":"product_cat-magyarorszag","9":"product_cat-szerbia","10":"product_cat-szlovenia","11":"product_tag-2nd-auction-hu","12":"product_tag-belyeg","13":"product_tag-provizorium","15":"first","16":"instock","17":"sold-individually","18":"shipping-taxable","19":"product-type-simple"},"_links":{"self":[{"href":"https:\/\/stampcurio.com\/hu\/wp-json\/wp\/v2\/product\/15081","targetHints":{"allow":["GET"]}}],"collection":[{"href":"https:\/\/stampcurio.com\/hu\/wp-json\/wp\/v2\/product"}],"about":[{"href":"https:\/\/stampcurio.com\/hu\/wp-json\/wp\/v2\/types\/product"}],"wp:featuredmedia":[{"embeddable":true,"href":"https:\/\/stampcurio.com\/hu\/wp-json\/wp\/v2\/media\/17046"}],"wp:attachment":[{"href":"https:\/\/stampcurio.com\/hu\/wp-json\/wp\/v2\/media?parent=15081"}],"wp:term":[{"taxonomy":"product_brand","embeddable":true,"href":"https:\/\/stampcurio.com\/hu\/wp-json\/wp\/v2\/product_brand?post=15081"},{"taxonomy":"product_cat","embeddable":true,"href":"https:\/\/stampcurio.com\/hu\/wp-json\/wp\/v2\/product_cat?post=15081"},{"taxonomy":"product_tag","embeddable":true,"href":"https:\/\/stampcurio.com\/hu\/wp-json\/wp\/v2\/product_tag?post=15081"}],"curies":[{"name":"wp","href":"https:\/\/api.w.org\/{rel}","templated":true}]}}