{"id":15080,"date":"2024-11-29T18:29:01","date_gmt":"2024-11-29T17:29:01","guid":{"rendered":"https:\/\/stampcurio.com\/product\/xxx-prosznyakfa-partosfalva-ket-level-becsbe-kuldve-provizorikus-partofalva-felulnyomassal\/"},"modified":"2025-12-05T04:08:36","modified_gmt":"2025-12-05T03:08:36","slug":"1919-shs-prosznyakfa-partosfalva-ket-level-becsbe-kuldve-provizorikus-partosfalva-felulnyomassal-a-leveleken-egy-egy-belyeg-lebelyegezve-a-tobbi-athuzassal-ervenytelenitve","status":"publish","type":"product","link":"https:\/\/stampcurio.com\/hu\/termek\/1919-shs-prosznyakfa-partosfalva-ket-level-becsbe-kuldve-provizorikus-partosfalva-felulnyomassal-a-leveleken-egy-egy-belyeg-lebelyegezve-a-tobbi-athuzassal-ervenytelenitve\/","title":{"rendered":"1919 SHS &#8211; Proszny\u00e1kfa \/ P\u00e1rtosfalva k\u00e9t lev\u00e9l B\u00e9csbe k\u00fcldve proviz\u00f3rikus P\u00e1rtosfalva fel\u00fclnyom\u00e1ssal. A leveleken egy-egy b\u00e9lyeg leb\u00e9lyegezve, a t\u00f6bbi \u00e1th\u00faz\u00e1ssal \u00e9rv\u00e9nytelen\u00edtve."},"content":{"rendered":"","protected":false},"excerpt":{"rendered":"","protected":false},"featured_media":17496,"template":"","meta":[],"product_brand":[],"product_cat":[1222,1192,1172,1245,1236],"product_tag":[1664,116,176,89,256],"class_list":{"0":"post-15080","1":"product","2":"type-product","3":"status-publish","4":"has-post-thumbnail","6":"product_cat-bosznia-hercegovina","7":"product_cat-horvatorszag","8":"product_cat-magyarorszag","9":"product_cat-szerbia","10":"product_cat-szlovenia","11":"product_tag-2nd-auction-hu","12":"product_tag-belyeg","13":"product_tag-philagem","14":"product_tag-postatortenet","15":"product_tag-provizorium","17":"first","18":"instock","19":"sold-individually","20":"shipping-taxable","21":"product-type-simple"},"_links":{"self":[{"href":"https:\/\/stampcurio.com\/hu\/wp-json\/wp\/v2\/product\/15080","targetHints":{"allow":["GET"]}}],"collection":[{"href":"https:\/\/stampcurio.com\/hu\/wp-json\/wp\/v2\/product"}],"about":[{"href":"https:\/\/stampcurio.com\/hu\/wp-json\/wp\/v2\/types\/product"}],"wp:featuredmedia":[{"embeddable":true,"href":"https:\/\/stampcurio.com\/hu\/wp-json\/wp\/v2\/media\/17496"}],"wp:attachment":[{"href":"https:\/\/stampcurio.com\/hu\/wp-json\/wp\/v2\/media?parent=15080"}],"wp:term":[{"taxonomy":"product_brand","embeddable":true,"href":"https:\/\/stampcurio.com\/hu\/wp-json\/wp\/v2\/product_brand?post=15080"},{"taxonomy":"product_cat","embeddable":true,"href":"https:\/\/stampcurio.com\/hu\/wp-json\/wp\/v2\/product_cat?post=15080"},{"taxonomy":"product_tag","embeddable":true,"href":"https:\/\/stampcurio.com\/hu\/wp-json\/wp\/v2\/product_tag?post=15080"}],"curies":[{"name":"wp","href":"https:\/\/api.w.org\/{rel}","templated":true}]}}